{"id":849,"date":"2018-01-02T07:26:12","date_gmt":"2018-01-02T06:26:12","guid":{"rendered":"http:\/\/www.terresdejeu.fr\/?page_id=849"},"modified":"2023-07-01T08:48:57","modified_gmt":"2023-07-01T07:48:57","slug":"mentions-legales","status":"publish","type":"page","link":"https:\/\/www.terresdejeu.fr\/index.php\/mentions-legales\/","title":{"rendered":"Mentions l\u00e9gales"},"content":{"rendered":"<p>Mentions l\u00e9gales du site\u00a0terresdejeu.fr<\/p>\n<p>Association : Association intercommunale de la communaut\u00e9 de communes des coteaux bordelais dite &#8220;Terres de jeu&#8221;<br \/>\nCh\u00e2teau de la S\u00e9guinie<\/p>\n<p>25 avenue du Desclaud<\/p>\n<p>33370 TRESSES<\/p>\n<p>05 56 52 14 28<\/p>\n<p>bureau@terresdejeu.fr<\/p>\n<p>Directeur\/trice de publication : St\u00e9phane Dubos, pr\u00e9sident de l&#8217;association<\/p>\n<p>H\u00e9bergeur :<\/p>\n<table class=\"table table-hover\">\n<tbody>\n<tr>\n<td valign=\"top\" width=\"50%\">\n<table class=\"adminform\">\n<tbody>\n<tr>\n<td class=\"key\" width=\"15%\">Nom<\/td>\n<td width=\"35%\">OVH<\/td>\n<\/tr>\n<tr>\n<td class=\"key\" width=\"15%\">Adresse<\/td>\n<td width=\"35%\">2 rue Kellermann<\/td>\n<\/tr>\n<tr>\n<td class=\"key\" width=\"15%\">Code postal<\/td>\n<td width=\"35%\">59100<\/td>\n<\/tr>\n<tr>\n<td class=\"key\" width=\"15%\">Ville<\/td>\n<td width=\"35%\">Roubaix<\/td>\n<\/tr>\n<tr>\n<td class=\"key\" width=\"15%\">Pays<\/td>\n<td width=\"35%\">France<\/td>\n<\/tr>\n<\/tbody>\n<\/table>\n<\/td>\n<td valign=\"top\" width=\"50%\">\n<table class=\"adminform\">\n<tbody>\n<tr>\n<td class=\"key\" width=\"15%\">T\u00e9l\u00e9phone<\/td>\n<td width=\"35%\">08 203 203 63<\/td>\n<\/tr>\n<tr>\n<td class=\"key\" width=\"15%\">Site web<\/td>\n<td width=\"35%\"><a href=\"http:\/\/www.ovh.com\/\" target=\"_blank\" rel=\"noopener noreferrer\">http:\/\/www.ovh.com\/<\/a><\/td>\n<\/tr>\n<\/tbody>\n<\/table>\n<\/td>\n<\/tr>\n<\/tbody>\n<\/table>\n","protected":false},"excerpt":{"rendered":"<p>Mentions l\u00e9gales du site\u00a0terresdejeu.fr Association : Association intercommunale de la communaut\u00e9 de communes des coteaux bordelais dite &#8220;Terres de jeu&#8221; Ch\u00e2teau de la S\u00e9guinie 25 avenue du Desclaud 33370 TRESSES 05 56 52 14 28 bureau@terresdejeu.fr Directeur\/trice de publication : St\u00e9phane Dubos, pr\u00e9sident de l&#8217;association H\u00e9bergeur : Nom OVH Adresse 2 rue Kellermann Code postal [&hellip;]<\/p>\n","protected":false},"author":1,"featured_media":0,"parent":0,"menu_order":0,"comment_status":"closed","ping_status":"closed","template":"","meta":{"footnotes":""},"class_list":["post-849","page","type-page","status-publish","hentry"],"_links":{"self":[{"href":"https:\/\/www.terresdejeu.fr\/index.php\/wp-json\/wp\/v2\/pages\/849","targetHints":{"allow":["GET"]}}],"collection":[{"href":"https:\/\/www.terresdejeu.fr\/index.php\/wp-json\/wp\/v2\/pages"}],"about":[{"href":"https:\/\/www.terresdejeu.fr\/index.php\/wp-json\/wp\/v2\/types\/page"}],"author":[{"embeddable":true,"href":"https:\/\/www.terresdejeu.fr\/index.php\/wp-json\/wp\/v2\/users\/1"}],"replies":[{"embeddable":true,"href":"https:\/\/www.terresdejeu.fr\/index.php\/wp-json\/wp\/v2\/comments?post=849"}],"version-history":[{"count":3,"href":"https:\/\/www.terresdejeu.fr\/index.php\/wp-json\/wp\/v2\/pages\/849\/revisions"}],"predecessor-version":[{"id":2801,"href":"https:\/\/www.terresdejeu.fr\/index.php\/wp-json\/wp\/v2\/pages\/849\/revisions\/2801"}],"wp:attachment":[{"href":"https:\/\/www.terresdejeu.fr\/index.php\/wp-json\/wp\/v2\/media?parent=849"}],"curies":[{"name":"wp","href":"https:\/\/api.w.org\/{rel}","templated":true}]}}