{"id":60,"date":"2016-08-26T19:03:40","date_gmt":"2016-08-26T18:03:40","guid":{"rendered":"http:\/\/www.terresdejeu.fr\/?page_id=60"},"modified":"2025-01-28T09:39:25","modified_gmt":"2025-01-28T08:39:25","slug":"accueil","status":"publish","type":"page","link":"https:\/\/www.terresdejeu.fr\/index.php\/accueil\/","title":{"rendered":"Terres de Jeu"},"content":{"rendered":"\n<h1 class=\"wp-block-heading has-text-align-center\" id=\"la-ludotheque-intercommunale\"><mark style=\"background-color:rgba(0, 0, 0, 0)\" class=\"has-inline-color has-luminous-vivid-orange-color\">La ludoth\u00e8que intercommunale<\/mark><\/h1>\n\n\n\n<h1 class=\"wp-block-heading has-text-align-center\" id=\"des-coteaux-bordelais\"><mark style=\"background-color:rgba(0, 0, 0, 0)\" class=\"has-inline-color has-luminous-vivid-orange-color\"> des\u00a0Coteaux bordelais<\/mark><\/h1>\n\n\n\n<p class=\"has-text-align-center\"><\/p>\n\n\n\n<hr class=\"wp-block-separator has-css-opacity\"\/>\n\n\n\n<div class=\"wp-block-columns is-layout-flex wp-container-core-columns-is-layout-9d6595d7 wp-block-columns-is-layout-flex\">\n<div class=\"wp-block-column is-layout-flow wp-block-column-is-layout-flow\" style=\"flex-basis:100%\">\n<div class=\"wp-block-columns is-layout-flex wp-container-core-columns-is-layout-9d6595d7 wp-block-columns-is-layout-flex\">\n<div class=\"wp-block-column is-layout-flow wp-block-column-is-layout-flow\">\n<figure class=\"wp-block-image size-large\"><img loading=\"lazy\" decoding=\"async\" width=\"1024\" height=\"768\" src=\"https:\/\/www.terresdejeu.fr\/wp-content\/uploads\/2025\/01\/IMG_20250124_092412-1024x768.jpg\" alt=\"\" class=\"wp-image-3167\" srcset=\"https:\/\/www.terresdejeu.fr\/wp-content\/uploads\/2025\/01\/IMG_20250124_092412-1024x768.jpg 1024w, https:\/\/www.terresdejeu.fr\/wp-content\/uploads\/2025\/01\/IMG_20250124_092412-300x225.jpg 300w, https:\/\/www.terresdejeu.fr\/wp-content\/uploads\/2025\/01\/IMG_20250124_092412-768x576.jpg 768w, https:\/\/www.terresdejeu.fr\/wp-content\/uploads\/2025\/01\/IMG_20250124_092412-1536x1152.jpg 1536w, https:\/\/www.terresdejeu.fr\/wp-content\/uploads\/2025\/01\/IMG_20250124_092412-2048x1536.jpg 2048w\" sizes=\"auto, (max-width: 1024px) 100vw, 1024px\" \/><figcaption class=\"wp-element-caption\"><mark style=\"background-color:rgba(0, 0, 0, 0)\" class=\"has-inline-color has-luminous-vivid-orange-color\"><strong><a href=\"https:\/\/www.terresdejeu.fr\/index.php\/horaire-espace-jeux-chateau-de-la-seguinie-tresses\/\" data-type=\"URL\">Espace jeux de Tresses<\/a><\/strong><\/mark>, Salle de la Fontaine<\/figcaption><\/figure>\n<\/div>\n\n\n\n<div class=\"wp-block-column is-layout-flow wp-block-column-is-layout-flow\">\n<figure class=\"wp-block-image size-large is-resized\"><img loading=\"lazy\" decoding=\"async\" src=\"https:\/\/www.terresdejeu.fr\/wp-content\/uploads\/2016\/08\/13738344_906757266119521_3530780461953926446_o-1024x639.jpg\" alt=\"\" class=\"wp-image-347\" width=\"622\" height=\"388\" srcset=\"https:\/\/www.terresdejeu.fr\/wp-content\/uploads\/2016\/08\/13738344_906757266119521_3530780461953926446_o-1024x639.jpg 1024w, https:\/\/www.terresdejeu.fr\/wp-content\/uploads\/2016\/08\/13738344_906757266119521_3530780461953926446_o-300x187.jpg 300w, https:\/\/www.terresdejeu.fr\/wp-content\/uploads\/2016\/08\/13738344_906757266119521_3530780461953926446_o-768x480.jpg 768w, https:\/\/www.terresdejeu.fr\/wp-content\/uploads\/2016\/08\/13738344_906757266119521_3530780461953926446_o.jpg 1278w\" sizes=\"auto, (max-width: 622px) 100vw, 622px\" \/><figcaption class=\"wp-element-caption\"><strong><mark style=\"background-color:rgba(0, 0, 0, 0)\" class=\"has-inline-color has-luminous-vivid-orange-color\"><a href=\"https:\/\/www.terresdejeu.fr\/index.php\/horaire-espace-jeux-chateau-de-la-seguinie-tresses\/\" data-type=\"URL\" data-id=\"https:\/\/www.terresdejeu.fr\/index.php\/horaire-espace-jeux-chateau-de-la-seguinie-tresses\/\">Espace jeux de Salleboeuf, p\u00f4le de la Source<\/a><\/mark><\/strong><\/figcaption><\/figure>\n\n\n\n<p><\/p>\n<\/div>\n<\/div>\n\n\n\n<hr class=\"wp-block-separator has-css-opacity\"\/>\n<\/div>\n<\/div>\n\n\n\n<p><\/p>\n\n\n\n<p class=\"has-text-align-left\">La ludoth\u00e8que intercommunale des Coteaux bordelais, Terres de jeu, est une association, soutenue par la communaut\u00e9 de communes des coteaux bordelais. Il s&#8217;agit d&#8217;un lieu de promotion du jeu, favorisant l&#8217;acc\u00e8s au jeu pour tous.<\/p>\n\n\n\n<p class=\"has-text-align-left\">La ludoth\u00e8que Terres de jeu, c&#8217;est un acc\u00e8s \u00e0 plus de<mark style=\"background-color:rgba(0, 0, 0, 0)\" class=\"has-inline-color has-luminous-vivid-orange-color\"> <\/mark><a href=\"https:\/\/www.terresdejeu.fr\/index.php\/catalogue\/\"><strong><mark style=\"background-color:rgba(0, 0, 0, 0)\" class=\"has-inline-color has-luminous-vivid-orange-color\">2000 jeux et jouets<\/mark><\/strong><\/a> que vous pouvez d\u00e9couvrir durant les heures d&#8217;ouvertures des espaces de la ludoth\u00e8que et emprunter. La ludoth\u00e8que vous accueille au sein de deux espaces, <mark style=\"background-color:rgba(0, 0, 0, 0)\" class=\"has-inline-color has-luminous-vivid-orange-color\"><strong>Salle de la Fontaine<\/strong><\/mark><a href=\"https:\/\/www.terresdejeu.fr\/index.php\/horaire-espace-jeux-chateau-de-la-seguinie-tresses\/\"><strong><mark style=\"background-color:rgba(0, 0, 0, 0)\" class=\"has-inline-color has-luminous-vivid-orange-color\"> \u00e0 Tresses<\/mark><\/strong><\/a><mark style=\"background-color:rgba(0, 0, 0, 0)\" class=\"has-inline-color has-luminous-vivid-orange-color\"> <\/mark>et au<mark style=\"background-color:rgba(0, 0, 0, 0)\" class=\"has-inline-color has-luminous-vivid-orange-color\"> <\/mark><strong><mark style=\"background-color:rgba(0, 0, 0, 0)\" class=\"has-inline-color has-luminous-vivid-orange-color\">p\u00f4le culturel<\/mark><\/strong><mark style=\"background-color:rgba(0, 0, 0, 0)\" class=\"has-inline-color has-luminous-vivid-orange-color\"><a href=\"https:\/\/www.terresdejeu.fr\/index.php\/horaires\/\"><strong> <\/strong><\/a><\/mark><a href=\"https:\/\/www.terresdejeu.fr\/index.php\/horaires\/\"><strong><mark style=\"background-color:rgba(0, 0, 0, 0)\" class=\"has-inline-color has-luminous-vivid-orange-color\">de la Source \u00e0<\/mark> <mark style=\"background-color:rgba(0, 0, 0, 0)\" class=\"has-inline-color has-luminous-vivid-orange-color\">Salleboeuf<\/mark><\/strong><\/a>.<\/p>\n\n\n\n<p>La ludoth\u00e8que propose :<\/p>\n\n\n\n<ul class=\"wp-block-list\">\n<li>des <a rel=\"noreferrer noopener\" href=\"https:\/\/www.terresdejeu.fr\/index.php\/particuliers\/#toutpublic\" target=\"_blank\"><strong><span class=\"has-inline-color has-luminous-vivid-orange-color\">accueils tout public<\/span><\/strong><\/a><span class=\"has-inline-color has-luminous-vivid-orange-color\"> <\/span>avec<span class=\"has-inline-color has-luminous-vivid-orange-color\"> <\/span><a rel=\"noreferrer noopener\" href=\"https:\/\/www.terresdejeu.fr\/index.php\/particuliers\/#pret\" target=\"_blank\"><strong><span class=\"has-inline-color has-luminous-vivid-orange-color\">pr\u00eat de jeux et jouets<\/span><\/strong><\/a><\/li>\n\n\n\n<li>des<a rel=\"noreferrer noopener\" href=\"https:\/\/www.terresdejeu.fr\/index.php\/particuliers\/#pml\" target=\"_blank\"><strong> <\/strong><mark style=\"background-color:rgba(0, 0, 0, 0)\" class=\"has-inline-color has-luminous-vivid-orange-color\"><strong>accueils <\/strong>sp\u00e9cialis\u00e9s pour les<strong> moins de 3 ans<\/strong> : <\/mark><\/a><mark style=\"background-color:rgba(0, 0, 0, 0)\" class=\"has-inline-color has-luminous-vivid-orange-color\"><strong>Le temps des tout-petits<\/strong><\/mark><\/li>\n\n\n\n<li>des <a rel=\"noreferrer noopener\" href=\"https:\/\/www.terresdejeu.fr\/index.php\/particuliers\/#soireejeu\" target=\"_blank\"><strong><span class=\"has-inline-color has-luminous-vivid-orange-color\">soir\u00e9es jeux \u00e0 partir de&nbsp; 8 ans<\/span><\/strong><\/a><\/li>\n\n\n\n<li>l&#8217;organisation d&#8217;<a rel=\"noreferrer noopener\" href=\"https:\/\/www.terresdejeu.fr\/index.php\/particuliers\/#anniversaire\" target=\"_blank\"><strong><span class=\"has-inline-color has-luminous-vivid-orange-color\">anniversaires<\/span><\/strong><\/a><\/li>\n\n\n\n<li>la location de <a rel=\"noreferrer noopener\" href=\"https:\/\/www.terresdejeu.fr\/index.php\/particuliers\/#surdim\" target=\"_blank\"><strong><mark style=\"background-color:rgba(0, 0, 0, 0)\" class=\"has-inline-color has-luminous-vivid-orange-color\">jeux surdimensionn\u00e9s<\/mark><\/strong><\/a><\/li>\n\n\n\n<li>des animations pour les <strong><a href=\"https:\/\/www.terresdejeu.fr\/index.php\/particuliers\/\" target=\"_blank\" rel=\"noreferrer noopener\"><span class=\"has-inline-color has-luminous-vivid-orange-color\">familles<\/span><\/a><\/strong>, les <a href=\"https:\/\/www.terresdejeu.fr\/index.php\/collectivites\/\" target=\"_blank\" rel=\"noreferrer noopener\"><strong><span class=\"has-inline-color has-luminous-vivid-orange-color\">collectivit\u00e9s<\/span><\/strong><\/a> ou les <a href=\"https:\/\/www.terresdejeu.fr\/index.php\/collectivites\/\" target=\"_blank\" rel=\"noreferrer noopener\"><strong><span class=\"has-inline-color has-luminous-vivid-orange-color\">comit\u00e9s d&#8217;entreprise<\/span><\/strong><\/a>, dans ses locaux ou chez vous.<\/li>\n\n\n\n<li>des <strong><mark style=\"background-color:rgba(0, 0, 0, 0)\" class=\"has-inline-color has-luminous-vivid-orange-color\">ateliers parentalit\u00e9 <\/mark><\/strong><\/li>\n\n\n\n<li><mark style=\"background-color:rgba(0, 0, 0, 0)\" class=\"has-inline-color has-luminous-vivid-orange-color\"><strong>Jeu de r\u00f4le <\/strong><\/mark><\/li>\n\n\n\n<li><strong><mark style=\"background-color:rgba(0, 0, 0, 0)\" class=\"has-inline-color has-luminous-vivid-orange-color\">Escape Game<\/mark><\/strong> (projet b\u00e9n\u00e9vole exclusivement) <\/li>\n<\/ul>\n\n\n\n<p><\/p>\n\n\n\n<p class=\"has-text-align-left\">Elle s&#8217;adresse \u00e0 de nombreux publics: des familles, des b\u00e9b\u00e9s aux grands-parents, en passant par les ados, adultes, personnes en situation de handicap, personnes \u00e2g\u00e9es&#8230;etc.<\/p>\n\n\n\n<p class=\"has-text-align-center\"><strong>Elle propose ses services aux particuliers mais aussi aux collectivit\u00e9s !<\/strong><\/p>\n\n\n\n<p class=\"has-text-align-center\"><strong>La ludoth\u00e8que Terres de jeu, c&#8217;est du jeu pour tous !<\/strong><\/p>\n\n\n\n<div class=\"wp-block-columns is-layout-flex wp-container-core-columns-is-layout-9d6595d7 wp-block-columns-is-layout-flex\">\n<div class=\"wp-block-column is-layout-flow wp-block-column-is-layout-flow\" style=\"flex-basis:100%\">\n<div class=\"wp-block-columns is-layout-flex wp-container-core-columns-is-layout-9d6595d7 wp-block-columns-is-layout-flex\">\n<div class=\"wp-block-column is-layout-flow wp-block-column-is-layout-flow\" style=\"flex-basis:100%\">\n<div class=\"wp-block-columns is-layout-flex wp-container-core-columns-is-layout-9d6595d7 wp-block-columns-is-layout-flex\">\n<div class=\"wp-block-column is-layout-flow wp-block-column-is-layout-flow\"><\/div>\n\n\n\n<div class=\"wp-block-column is-layout-flow wp-block-column-is-layout-flow\"><\/div>\n<\/div>\n<\/div>\n<\/div>\n<\/div>\n<\/div>\n\n\n\n<p><\/p>\n\n\n\n<p class=\"has-text-align-center\"><strong><mark style=\"background-color:rgba(0, 0, 0, 0)\" class=\"has-inline-color has-vivid-cyan-blue-color\"><\/mark><\/strong><\/p>\n\n\n\n<div class=\"wp-block-group alignwide\"><div class=\"wp-block-group__inner-container is-layout-flow wp-block-group-is-layout-flow\"><\/div><\/div>\n\n\n\n<p class=\"has-text-align-center\"><\/p>\n\n\n\n<p><\/p>\n","protected":false},"excerpt":{"rendered":"<p>La ludoth\u00e8que intercommunale des\u00a0Coteaux bordelais La ludoth\u00e8que intercommunale des Coteaux bordelais, Terres de jeu, est une association, soutenue par la communaut\u00e9 de communes des coteaux bordelais. Il s&#8217;agit d&#8217;un lieu de promotion du jeu, favorisant l&#8217;acc\u00e8s au jeu pour tous. La ludoth\u00e8que Terres de jeu, c&#8217;est un acc\u00e8s \u00e0 plus de 2000 jeux et jouets [&hellip;]<\/p>\n","protected":false},"author":1,"featured_media":0,"parent":0,"menu_order":0,"comment_status":"closed","ping_status":"closed","template":"","meta":{"footnotes":""},"class_list":["post-60","page","type-page","status-publish","hentry"],"_links":{"self":[{"href":"https:\/\/www.terresdejeu.fr\/index.php\/wp-json\/wp\/v2\/pages\/60","targetHints":{"allow":["GET"]}}],"collection":[{"href":"https:\/\/www.terresdejeu.fr\/index.php\/wp-json\/wp\/v2\/pages"}],"about":[{"href":"https:\/\/www.terresdejeu.fr\/index.php\/wp-json\/wp\/v2\/types\/page"}],"author":[{"embeddable":true,"href":"https:\/\/www.terresdejeu.fr\/index.php\/wp-json\/wp\/v2\/users\/1"}],"replies":[{"embeddable":true,"href":"https:\/\/www.terresdejeu.fr\/index.php\/wp-json\/wp\/v2\/comments?post=60"}],"version-history":[{"count":162,"href":"https:\/\/www.terresdejeu.fr\/index.php\/wp-json\/wp\/v2\/pages\/60\/revisions"}],"predecessor-version":[{"id":3169,"href":"https:\/\/www.terresdejeu.fr\/index.php\/wp-json\/wp\/v2\/pages\/60\/revisions\/3169"}],"wp:attachment":[{"href":"https:\/\/www.terresdejeu.fr\/index.php\/wp-json\/wp\/v2\/media?parent=60"}],"curies":[{"name":"wp","href":"https:\/\/api.w.org\/{rel}","templated":true}]}}