{"id":35,"date":"2016-08-26T17:21:16","date_gmt":"2016-08-26T16:21:16","guid":{"rendered":"http:\/\/www.terresdejeu.fr\/?page_id=35"},"modified":"2026-03-05T13:56:06","modified_gmt":"2026-03-05T12:56:06","slug":"tarifs","status":"publish","type":"page","link":"https:\/\/www.terresdejeu.fr\/index.php\/tarifs\/","title":{"rendered":"Tarifs"},"content":{"rendered":"\n<p><a name=\"adhesion\"><\/a><\/p>\n\n\n\n<div class=\"wp-block-buttons is-layout-flex wp-block-buttons-is-layout-flex\"><\/div>\n\n\n\n<h4 class=\"wp-block-heading\">&#x1f50d;&#x1f4cd;&nbsp;<strong><span style=\"color: #ff6600; font-family: Terminal, Monaco; font-size: 18pt;\">ADHESIONS<\/span><\/strong> <\/h4>\n\n\n\n<div class=\"wp-block-columns is-layout-flex wp-container-core-columns-is-layout-9d6595d7 wp-block-columns-is-layout-flex\">\n<div class=\"wp-block-column is-layout-flow wp-block-column-is-layout-flow\">\n<p><strong><span style=\"color:#072fcd\" class=\"has-inline-color\">PARTICULIER<\/span><\/strong><\/p>\n\n\n\n<p class=\"has-text-align-left\">20 \u20ac (27 \u20ac hors Communaut\u00e9 de communes) donnant acc\u00e8s au jeu sur place \u00e0 tous les membres de la famille lors des accueils tout public et \u00e0 l&#8217;emprunt de 2 jeux, pour une dur\u00e9e d&#8217;un mois maximum, autant de fois que vous le souhaitez dans l&#8217;ann\u00e9e.<\/p>\n\n\n\n<p class=\"has-text-align-left\">Pour&nbsp;5 \u20ac de plus \u00e0 l&#8217;ann\u00e9e, empruntez un jeu suppl\u00e9mentaire (adh\u00e9sion 3 jeux 25\u20ac, 4 jeux 30 \u20ac etc&#8230;)<\/p>\n\n\n\n<p class=\"has-text-align-left\">Un ch\u00e8que de caution de 25\u20ac par jeu, non encaiss\u00e9, vous sera demand\u00e9. Soit un minimum de 50\u20ac pour une adh\u00e9sion classique. <\/p>\n\n\n\n<p>Location de jeux et jouets \u00e0 l&#8217;unit\u00e9 : 1\u20ac\/jeu\/jour et 25\u20ac de caution\/jeu. <\/p>\n\n\n\n<p><strong><span style=\"color:#072fcd\" class=\"has-inline-color\">ASSISTANT(s)(e)(es) MATERNEL(s)(le)(les)<\/span><\/strong><\/p>\n\n\n\n<p>Votre adh\u00e9sion familiale couvre \u00e9galement les enfants en garde lorsqu&#8217;ils viennent avec vous<\/p>\n<\/div>\n\n\n\n<div class=\"wp-block-column is-layout-flow wp-block-column-is-layout-flow\">\n<p><strong><span style=\"color:#072fcd\" class=\"has-inline-color\">COLLECTIVIT\u00c9<\/span><\/strong><\/p>\n\n\n\n<p class=\"has-text-align-left\">Adh\u00e9sion: <\/p>\n\n\n\n<ul class=\"wp-block-list\">\n<li>25 \u20ac\/an ( Collectivit\u00e9 CDC)<\/li>\n\n\n\n<li>35\u20ac\/an ( Collectivit\u00e9 hors CDC)&nbsp;<\/li>\n<\/ul>\n\n\n\n<p>Emprunt ponctuel jeux surdimensionn\u00e9s :<\/p>\n\n\n\n<ul class=\"wp-block-list\">\n<li> 7\u20ac\/jeu (Collectivit\u00e9 CDC) <\/li>\n\n\n\n<li> 10\u20ac\/jeu ( Collectivit\u00e9 HCDC) <\/li>\n<\/ul>\n\n\n\n<p class=\"has-text-align-left\">Emprunt de jeux :&nbsp;forfait de 10 jeux (empruntables pour 2 mois) + une&nbsp;carte&nbsp;de&nbsp;40&nbsp;unit\u00e9s permettant l\u2019emprunt de jeux&nbsp;surdimensionn\u00e9s) :  <\/p>\n\n\n\n<ul class=\"wp-block-list\">\n<li>85\u20ac\/an ( collectivit\u00e9 CDC) <\/li>\n\n\n\n<li>100\u20ac\/an (Collectivit\u00e9 HCDC) <\/li>\n<\/ul>\n\n\n\n<p>Recharge cartes 40 unit\u00e9s : 60\u20ac <\/p>\n\n\n\n<p>D\u00e9placement pour explication de jeux sur structure aupr\u00e8s des professionnels : 1h  \u00e0 35\u20ac ( le tarif comprend le temps de pr\u00e9paration et le temps de trajet). <\/p>\n\n\n\n<p>Forfait livraison : jeux classiques, CDC, tous les deux mois=6 livraisons\/an) : 100\u20ac  <\/p>\n\n\n\n<p>Une livraison = 20\u20ac<\/p>\n\n\n\n<p>(En plus du forfait emprunt de jeux) <\/p>\n\n\n\n<p class=\"has-text-align-right\">Devis sur demande <\/p>\n<\/div>\n<\/div>\n\n\n\n<p><span style=\"font-family: Terminal, Monaco; font-size: 14pt;\"><a name=\"assmat\"><\/a><\/span><\/p>\n\n\n\n<hr class=\"wp-block-separator has-css-opacity\"\/>\n\n\n\n<p><span style=\"font-family: Terminal, Monaco; font-size: 14pt;\"><span style=\"color: #ff0000;\"><\/span><\/span><\/p>\n\n\n\n<p class=\"has-text-align-center\"><mark style=\"background-color:rgba(0, 0, 0, 0)\" class=\"has-inline-color has-luminous-vivid-orange-color\">&#x1f50d;&#x1f4cd;<strong>ANIMATIONS<\/strong><\/mark><\/p>\n\n\n\n<p class=\"has-text-align-center\">Animations au sein de nos locaux : 30 euros par heure et par animateur.<\/p>\n\n\n\n<p class=\"has-text-align-center\">Animations ext\u00e9rieures (au sein de vos locaux) 35\u20ac, (40\u20ac HCDC) par heure et par ludoth\u00e9caire, hors frais de d\u00e9placement, d&#8217;installation et de rangement. (+ 10\u20ac\/h pour une animation utilisant les jeux surdimensionn\u00e9s)<\/p>\n\n\n\n<p class=\"has-text-align-center\">Devis sur demande<\/p>\n\n\n\n<hr class=\"wp-block-separator has-css-opacity\"\/>\n\n\n\n<div class=\"wp-block-columns is-layout-flex wp-container-core-columns-is-layout-9d6595d7 wp-block-columns-is-layout-flex\">\n<div class=\"wp-block-column is-layout-flow wp-block-column-is-layout-flow\">\n<p class=\"has-medium-font-size\"><meta http-equiv=\"content-type\" content=\"text\/html; charset=utf-8\"><span class=\"has-inline-color has-luminous-vivid-orange-color\">&#x1f50d;&#x1f4cd;<strong>Les anniversaires <\/strong><\/span><\/p>\n\n\n\n<p>27\u20ac\/h d&#8217;animation + 27\u20ac de forfait correspondant \u00e0 1h de pr\u00e9paration, installation, rangement.<\/p>\n\n\n\n<p>Comprend la mise \u00e0 disposition d&#8217;un ludoth\u00e9caire, d&#8217;une partie des locaux, d&#8217;un espace go\u00fbter, le go\u00fbter \u00e9tant fourni par la famille. L&#8217;anniversaire d\u00e9bute \u00e0 14h30, pour une dur\u00e9e de 2h(81\u20ac) ou 3h(108\u20ac). <\/p>\n\n\n\n<p>Attention : Formule de 3h accessible d\u00e8s la moyenne section. <\/p>\n\n\n\n<p><strong>Des arrhes vous serons demand\u00e9es pour la r\u00e9servation d&#8217;une date. Le reste de la somme pourra \u00eatre r\u00e9gl\u00e9 le jour J. En cas d&#8217;annulation moins de 15 jours avant la date d&#8217;anniversaire, nous nous verrons dans l&#8217;obligation de garder vos arrhes.<\/strong><\/p>\n\n\n\n<ul class=\"wp-block-list\">\n<li>81\u20ac (23\u20ac d&#8217;arrhes)<\/li>\n\n\n\n<li>108\u20ac (31\u20ac d&#8217;arrhes)<\/li>\n<\/ul>\n<\/div>\n\n\n\n<div class=\"wp-block-column is-layout-flow wp-block-column-is-layout-flow\">\n<p><strong><span class=\"has-inline-color has-luminous-vivid-orange-color\">&#x1f50d;&#x1f4cd;Locations de jeux surdimensionn<\/span><mark style=\"background-color:rgba(0, 0, 0, 0)\" class=\"has-inline-color has-luminous-vivid-orange-color\">\u00e9<\/mark><\/strong><mark style=\"background-color:rgba(0, 0, 0, 0)\" class=\"has-inline-color has-luminous-vivid-orange-color\"><strong>s (particulier)<\/strong><\/mark><\/p>\n\n\n\n<p>7\u20ac par jeu pour une semaine et un ch\u00e8que de caution (Valeur du ch\u00e8que en fonction de la s\u00e9lection de jeux) sont n\u00e9cessaires pour l&#8217;emprunt de nos jeux surdimensionn\u00e9s.<\/p>\n\n\n\n<p><strong><u>TABLEAU CLASSIFICATION DES JEUX SURDIMENSIONNES<\/u><\/strong><\/p>\n\n\n\n<p><strong><u>TARIF CAUTION<\/u><\/strong><\/p>\n\n\n\n<figure class=\"wp-block-table\"><table class=\"has-fixed-layout\"><tbody><tr><td>CATEGORIE 1<\/td><td>150\u20ac<\/td><\/tr><tr><td>CATEGORIE 2<\/td><td>250\u20ac<\/td><\/tr><tr><td>CATEGORIE 3<\/td><td>500\u20ac<\/td><\/tr><\/tbody><\/table><\/figure>\n\n\n\n<p><br>Nous appliquerons la caution en fonction des jeux que vous s\u00e9lectionnerez. Si vous ne choisissez que des jeux de cat\u00e9gories 1 alors votre caution sera de 150\u20ac. Si vous choisissez des jeux de cat\u00e9gories 1 et 2, la caution sera de 250\u20ac, si vous choisissez des jeux de la cat\u00e9gorie 1, 2 et 3, la caution sera de 500\u20ac.<\/p>\n<\/div>\n<\/div>\n\n\n\n<hr class=\"wp-block-separator has-css-opacity\"\/>\n\n\n\n<p><span style=\"font-family: Tahoma, Arial, Helvetica, sans-serif;\"><a name=\"collectivite\"><\/a><\/span><\/p>\n\n\n\n<p><\/p>\n","protected":false},"excerpt":{"rendered":"<p>&#x1f50d;&#x1f4cd;&nbsp;ADHESIONS PARTICULIER 20 \u20ac (27 \u20ac hors Communaut\u00e9 de communes) donnant acc\u00e8s au jeu sur place \u00e0 tous les membres de la famille lors des accueils tout public et \u00e0 l&#8217;emprunt de 2 jeux, pour une dur\u00e9e d&#8217;un mois maximum, autant de fois que vous le souhaitez dans l&#8217;ann\u00e9e. Pour&nbsp;5 \u20ac de plus \u00e0 l&#8217;ann\u00e9e, [&hellip;]<\/p>\n","protected":false},"author":1,"featured_media":0,"parent":0,"menu_order":0,"comment_status":"closed","ping_status":"closed","template":"","meta":{"footnotes":""},"class_list":["post-35","page","type-page","status-publish","hentry"],"_links":{"self":[{"href":"https:\/\/www.terresdejeu.fr\/index.php\/wp-json\/wp\/v2\/pages\/35","targetHints":{"allow":["GET"]}}],"collection":[{"href":"https:\/\/www.terresdejeu.fr\/index.php\/wp-json\/wp\/v2\/pages"}],"about":[{"href":"https:\/\/www.terresdejeu.fr\/index.php\/wp-json\/wp\/v2\/types\/page"}],"author":[{"embeddable":true,"href":"https:\/\/www.terresdejeu.fr\/index.php\/wp-json\/wp\/v2\/users\/1"}],"replies":[{"embeddable":true,"href":"https:\/\/www.terresdejeu.fr\/index.php\/wp-json\/wp\/v2\/comments?post=35"}],"version-history":[{"count":99,"href":"https:\/\/www.terresdejeu.fr\/index.php\/wp-json\/wp\/v2\/pages\/35\/revisions"}],"predecessor-version":[{"id":3440,"href":"https:\/\/www.terresdejeu.fr\/index.php\/wp-json\/wp\/v2\/pages\/35\/revisions\/3440"}],"wp:attachment":[{"href":"https:\/\/www.terresdejeu.fr\/index.php\/wp-json\/wp\/v2\/media?parent=35"}],"curies":[{"name":"wp","href":"https:\/\/api.w.org\/{rel}","templated":true}]}}