{"id":3074,"date":"2024-09-04T16:09:44","date_gmt":"2024-09-04T15:09:44","guid":{"rendered":"https:\/\/www.terresdejeu.fr\/?page_id=3074"},"modified":"2026-04-08T17:02:09","modified_gmt":"2026-04-08T16:02:09","slug":"les-horaires","status":"publish","type":"page","link":"https:\/\/www.terresdejeu.fr\/index.php\/les-horaires\/","title":{"rendered":"Les horaires"},"content":{"rendered":"\n<hr class=\"wp-block-separator has-alpha-channel-opacity\"\/>\n\n\n\n<div class=\"wp-block-columns is-layout-flex wp-container-core-columns-is-layout-9d6595d7 wp-block-columns-is-layout-flex\">\n<div class=\"wp-block-column is-layout-flow wp-block-column-is-layout-flow\">\n<p class=\"has-text-align-center\"><strong><mark style=\"background-color:#ffffff\" class=\"has-inline-color has-luminous-vivid-orange-color\">Tresses <\/mark><\/strong> <strong>SALLE DE LA FONTAINE<\/strong> <\/p>\n\n\n\n<p>Mercredi : 10h-12h30 <\/p>\n\n\n\n<p>14h-18h15<\/p>\n\n\n\n<p>Samedi : 10h &#8211; 12h30<\/p>\n\n\n\n<p><\/p>\n\n\n\n<p><strong><mark style=\"background-color:rgba(0, 0, 0, 0)\" class=\"has-inline-color has-luminous-vivid-orange-color\">EN PLUS<\/mark>, pendant les vacances scolaires ( seulement sur Tresses) <\/strong><\/p>\n\n\n\n<p>Lundi : 14h-18h15<\/p>\n\n\n\n<p>Vendredi : 14h-18h15<\/p>\n\n\n\n<p><\/p>\n\n\n\n<p><\/p>\n\n\n\n<p><\/p>\n\n\n\n<hr class=\"wp-block-separator has-alpha-channel-opacity\"\/>\n\n\n\n<p><strong><mark><mark style=\"background-color:#ffffff\" class=\"has-inline-color has-luminous-vivid-orange-color\">Soir\u00e9e jeux<\/mark><\/mark><\/strong> : <\/p>\n\n\n\n<p>Une soir\u00e9e jeux \u00e0 la ludoth\u00e8que par mois : 20h30-00h00, venez tester des jeux de r\u00e8gles en tout genre avec des th\u00e9matiques.<\/p>\n\n\n\n<p>Voir prochaine soir\u00e9e jeux :<a href=\"https:\/\/www.terresdejeu.fr\/index.php\/la-prochaine-soiree-jeux-de-societe-mensuelle-de-la-ludotheque-des-8-ans-gratuit\/\" data-type=\"URL\" data-id=\"https:\/\/www.terresdejeu.fr\/index.php\/la-prochaine-soiree-jeux-de-societe-mensuelle-de-la-ludotheque-des-8-ans-gratuit\/\"> clique-ici<\/a><\/p>\n\n\n\n<p><\/p>\n\n\n\n<p><\/p>\n<\/div>\n\n\n\n<div class=\"wp-block-column is-layout-flow wp-block-column-is-layout-flow\">\n<p class=\"has-text-align-center\"><mark style=\"background-color:#ffffff\" class=\"has-inline-color has-luminous-vivid-orange-color\"><strong>Salleboeuf<\/strong><\/mark>: <strong>P\u00f4le de la Source<\/strong> <\/p>\n\n\n\n<p>Mercredi : 10h-12h30<\/p>\n\n\n\n<p>                  14h &#8211; 18h15<\/p>\n\n\n\n<p>Samedi 10h &#8211; 12h30<\/p>\n\n\n\n<p><\/p>\n\n\n\n<p><mark style=\"background-color:rgba(0, 0, 0, 0)\" class=\"has-inline-color has-white-color\">A<\/mark><\/p>\n\n\n\n<p><mark style=\"background-color:rgba(0, 0, 0, 0)\" class=\"has-inline-color has-white-color\">A<\/mark><\/p>\n\n\n\n<p><mark style=\"background-color:rgba(0, 0, 0, 0)\" class=\"has-inline-color has-white-color\">A<\/mark><\/p>\n\n\n\n<p><\/p>\n\n\n\n<p><\/p>\n\n\n\n<p><\/p>\n\n\n\n<hr class=\"wp-block-separator has-alpha-channel-opacity\"\/>\n\n\n\n<p><mark><mark class=\"has-inline-color has-luminous-vivid-orange-color\" style=\"background-color: #ffffff;\"> <\/mark><\/mark><mark class=\"has-inline-color has-luminous-vivid-orange-color\" style=\"background-color: rgba(0, 0, 0, 0);\"><strong>Le temps des tout-petits pour les assistantes maternelles<\/strong><\/mark>:<\/p>\n<p>Jeudi 9h30-11h30 (1er jeudi du mois: Ferm\u00e9 \/ 2\u00e9me jeudi du mois: Ass mats \/ 3\u00e9me jeudi du mois: Ferm\u00e9 \/4\u00e9me jeudi du mois: Ass Mats )<\/p>\n<p>Inscription obligatoire sur le site internet\u00a0 : <a href=\"https:\/\/www.terresdejeu.fr\/index.php\/assistantsees-maternellsleles-nounou\/\">A<\/a><a href=\"https:\/\/www.terresdejeu.fr\/index.php\/https-doodle-com-poll-dat5gauhte9rvr3eutm_sourcepollutm_mediumlink\/\" target=\"_blank\" rel=\"noreferrer noopener\" data-type=\"URL\" data-id=\"https:\/\/www.terresdejeu.fr\/index.php\/https-doodle-com-poll-dat5gauhte9rvr3eutm_sourcepollutm_mediumlink\/\">ss mat\u00a0<\/a><\/p>\n<\/div>\n<\/div>\n","protected":false},"excerpt":{"rendered":"<p>Tresses SALLE DE LA FONTAINE Mercredi : 10h-12h30 14h-18h15 Samedi : 10h &#8211; 12h30 EN PLUS, pendant les vacances scolaires ( seulement sur Tresses) Lundi : 14h-18h15 Vendredi : 14h-18h15 Soir\u00e9e jeux : Une soir\u00e9e jeux \u00e0 la ludoth\u00e8que par mois : 20h30-00h00, venez tester des jeux de r\u00e8gles en tout genre avec des th\u00e9matiques. [&hellip;]<\/p>\n","protected":false},"author":1,"featured_media":0,"parent":0,"menu_order":0,"comment_status":"closed","ping_status":"closed","template":"","meta":{"footnotes":""},"class_list":["post-3074","page","type-page","status-publish","hentry"],"_links":{"self":[{"href":"https:\/\/www.terresdejeu.fr\/index.php\/wp-json\/wp\/v2\/pages\/3074","targetHints":{"allow":["GET"]}}],"collection":[{"href":"https:\/\/www.terresdejeu.fr\/index.php\/wp-json\/wp\/v2\/pages"}],"about":[{"href":"https:\/\/www.terresdejeu.fr\/index.php\/wp-json\/wp\/v2\/types\/page"}],"author":[{"embeddable":true,"href":"https:\/\/www.terresdejeu.fr\/index.php\/wp-json\/wp\/v2\/users\/1"}],"replies":[{"embeddable":true,"href":"https:\/\/www.terresdejeu.fr\/index.php\/wp-json\/wp\/v2\/comments?post=3074"}],"version-history":[{"count":28,"href":"https:\/\/www.terresdejeu.fr\/index.php\/wp-json\/wp\/v2\/pages\/3074\/revisions"}],"predecessor-version":[{"id":3459,"href":"https:\/\/www.terresdejeu.fr\/index.php\/wp-json\/wp\/v2\/pages\/3074\/revisions\/3459"}],"wp:attachment":[{"href":"https:\/\/www.terresdejeu.fr\/index.php\/wp-json\/wp\/v2\/media?parent=3074"}],"curies":[{"name":"wp","href":"https:\/\/api.w.org\/{rel}","templated":true}]}}