{"id":3064,"date":"2024-09-03T09:42:35","date_gmt":"2024-09-03T08:42:35","guid":{"rendered":"https:\/\/www.terresdejeu.fr\/?page_id=3064"},"modified":"2026-03-28T10:43:00","modified_gmt":"2026-03-28T09:43:00","slug":"la-prochaine-soiree-jeux-de-societe-mensuelle-de-la-ludotheque-des-8-ans-gratuit","status":"publish","type":"page","link":"https:\/\/www.terresdejeu.fr\/index.php\/la-prochaine-soiree-jeux-de-societe-mensuelle-de-la-ludotheque-des-8-ans-gratuit\/","title":{"rendered":"La prochaine soir\u00e9e jeux de soci\u00e9t\u00e9 mensuelle de la ludoth\u00e8que ! D\u00e8s 8 ans ! Gratuit !"},"content":{"rendered":"\n<figure class=\"wp-block-image size-large\"><img loading=\"lazy\" decoding=\"async\" width=\"724\" height=\"1024\" src=\"https:\/\/www.terresdejeu.fr\/wp-content\/uploads\/2026\/03\/FR-724x1024.jpg\" alt=\"\" class=\"wp-image-3443\" srcset=\"https:\/\/www.terresdejeu.fr\/wp-content\/uploads\/2026\/03\/FR-724x1024.jpg 724w, https:\/\/www.terresdejeu.fr\/wp-content\/uploads\/2026\/03\/FR-212x300.jpg 212w, https:\/\/www.terresdejeu.fr\/wp-content\/uploads\/2026\/03\/FR-768x1086.jpg 768w, https:\/\/www.terresdejeu.fr\/wp-content\/uploads\/2026\/03\/FR-1086x1536.jpg 1086w, https:\/\/www.terresdejeu.fr\/wp-content\/uploads\/2026\/03\/FR.jpg 1414w\" sizes=\"auto, (max-width: 724px) 100vw, 724px\" \/><\/figure>\n","protected":false},"excerpt":{"rendered":"","protected":false},"author":1,"featured_media":0,"parent":0,"menu_order":0,"comment_status":"closed","ping_status":"closed","template":"","meta":{"footnotes":""},"class_list":["post-3064","page","type-page","status-publish","hentry"],"_links":{"self":[{"href":"https:\/\/www.terresdejeu.fr\/index.php\/wp-json\/wp\/v2\/pages\/3064","targetHints":{"allow":["GET"]}}],"collection":[{"href":"https:\/\/www.terresdejeu.fr\/index.php\/wp-json\/wp\/v2\/pages"}],"about":[{"href":"https:\/\/www.terresdejeu.fr\/index.php\/wp-json\/wp\/v2\/types\/page"}],"author":[{"embeddable":true,"href":"https:\/\/www.terresdejeu.fr\/index.php\/wp-json\/wp\/v2\/users\/1"}],"replies":[{"embeddable":true,"href":"https:\/\/www.terresdejeu.fr\/index.php\/wp-json\/wp\/v2\/comments?post=3064"}],"version-history":[{"count":19,"href":"https:\/\/www.terresdejeu.fr\/index.php\/wp-json\/wp\/v2\/pages\/3064\/revisions"}],"predecessor-version":[{"id":3457,"href":"https:\/\/www.terresdejeu.fr\/index.php\/wp-json\/wp\/v2\/pages\/3064\/revisions\/3457"}],"wp:attachment":[{"href":"https:\/\/www.terresdejeu.fr\/index.php\/wp-json\/wp\/v2\/media?parent=3064"}],"curies":[{"name":"wp","href":"https:\/\/api.w.org\/{rel}","templated":true}]}}