{"id":3023,"date":"2025-03-05T14:50:28","date_gmt":"2025-03-05T13:50:28","guid":{"rendered":"https:\/\/www.terresdejeu.fr\/?page_id=3023"},"modified":"2026-02-25T17:33:15","modified_gmt":"2026-02-25T16:33:15","slug":"jeu-de-role-2","status":"publish","type":"page","link":"https:\/\/www.terresdejeu.fr\/index.php\/jeu-de-role-2\/","title":{"rendered":"Jeu de r\u00f4le: Dates"},"content":{"rendered":"<div class=\"wp-block-image\">\n<figure class=\"aligncenter size-full is-resized\"><img loading=\"lazy\" decoding=\"async\" width=\"294\" height=\"171\" src=\"https:\/\/www.terresdejeu.fr\/wp-content\/uploads\/2025\/03\/telechargement.jpg\" alt=\"\" class=\"wp-image-3213\" style=\"width:126px;height:73px\"\/><\/figure>\n<\/div>\n\n\n<p class=\"has-text-align-center\">La ludoth\u00e8que propose du jeu de r\u00f4le. Il est g\u00e9rer par des ma\u00eetres de jeux b\u00e9n\u00e9voles et accessibles \u00e0 tous \u00e0 partir de 16 ans. Les sessions sont sur inscriptions. <\/p>\n\n\n\n<p class=\"has-text-align-center\">Contacter-nous pour conna\u00eetre les prochaines dates \ud83d\ude42 !Avis aux aventuriers!<\/p>\n\n\n\n<hr class=\"wp-block-separator has-alpha-channel-opacity\"\/>\n\n\n\n<p>Embarquement imminent pour une nouvelle aventure jeuder\u00f4lesque!<\/p>\n\n\n\n<p>&#8220;Un myst\u00e8re \u00e9pais attend les h\u00e9ros au r\u00e9veil. O\u00f9 sont-ils ? Pourquoi y sont-ils ? Comment sortir d&#8217;ici ?&#8221;<\/p>\n\n\n\n<p>DATE : vendredi 13 mars 2026 (oserez-vous lancer vos d\u00e9s un vendredi 13?)<\/p>\n\n\n\n<p>HORAIRE : 19h30<\/p>\n\n\n\n<p>Lieu : salle de la Fontaine, Tresses<\/p>\n\n\n\n<p>DUR\u00c9E : 3-4h<\/p>\n\n\n\n<p>TYPE DE PARTIE : one shot (aventure termin\u00e9e en 1 ou 2 sessions)<\/p>\n\n\n\n<p>THEME : Chroniques Oubli\u00e9es : La colonne d&#8217;An-Lh\u00fbm<\/p>\n\n\n\n<p>MAITRE DE JEU : Jordan<\/p>\n\n\n\n<p>JOUEURS : de 3 \u00e0 6, de 16 ans minimum<\/p>\n\n\n\n<p>Inscriptions possibles jusqu&#8217;au 12 mars.<\/p>\n\n\n\n<p>Spectateurs autoris\u00e9s<\/p>\n\n\n\n<p>Laissez-vous tenter, et enr\u00f4lez vos amis!<\/p>\n\n\n\n<p>Gratuit, ouvert \u00e0 tous, sans adh\u00e9sion \u00e0 la ludoth\u00e8que.<\/p>\n\n\n\n<p>Renseignements et d\u00e9tails aupr\u00e8s de la ludoth\u00e8que.<\/p>\n\n\n\n<figure class=\"wp-block-gallery has-nested-images columns-default is-cropped wp-block-gallery-1 is-layout-flex wp-block-gallery-is-layout-flex\">\n<figure class=\"wp-block-image size-large\"><img loading=\"lazy\" decoding=\"async\" width=\"960\" height=\"540\" data-id=\"3422\" src=\"https:\/\/www.terresdejeu.fr\/wp-content\/uploads\/2026\/02\/jeu-de-role.jpg\" alt=\"\" class=\"wp-image-3422\" srcset=\"https:\/\/www.terresdejeu.fr\/wp-content\/uploads\/2026\/02\/jeu-de-role.jpg 960w, https:\/\/www.terresdejeu.fr\/wp-content\/uploads\/2026\/02\/jeu-de-role-300x169.jpg 300w, https:\/\/www.terresdejeu.fr\/wp-content\/uploads\/2026\/02\/jeu-de-role-768x432.jpg 768w\" sizes=\"auto, (max-width: 960px) 100vw, 960px\" \/><\/figure>\n<\/figure>\n","protected":false},"excerpt":{"rendered":"<p>La ludoth\u00e8que propose du jeu de r\u00f4le. Il est g\u00e9rer par des ma\u00eetres de jeux b\u00e9n\u00e9voles et accessibles \u00e0 tous \u00e0 partir de 16 ans. Les sessions sont sur inscriptions. Contacter-nous pour conna\u00eetre les prochaines dates \ud83d\ude42 !Avis aux aventuriers! Embarquement imminent pour une nouvelle aventure jeuder\u00f4lesque! &#8220;Un myst\u00e8re \u00e9pais attend les h\u00e9ros au r\u00e9veil. [&hellip;]<\/p>\n","protected":false},"author":1,"featured_media":0,"parent":0,"menu_order":0,"comment_status":"closed","ping_status":"closed","template":"","meta":{"footnotes":""},"class_list":["post-3023","page","type-page","status-publish","hentry"],"_links":{"self":[{"href":"https:\/\/www.terresdejeu.fr\/index.php\/wp-json\/wp\/v2\/pages\/3023","targetHints":{"allow":["GET"]}}],"collection":[{"href":"https:\/\/www.terresdejeu.fr\/index.php\/wp-json\/wp\/v2\/pages"}],"about":[{"href":"https:\/\/www.terresdejeu.fr\/index.php\/wp-json\/wp\/v2\/types\/page"}],"author":[{"embeddable":true,"href":"https:\/\/www.terresdejeu.fr\/index.php\/wp-json\/wp\/v2\/users\/1"}],"replies":[{"embeddable":true,"href":"https:\/\/www.terresdejeu.fr\/index.php\/wp-json\/wp\/v2\/comments?post=3023"}],"version-history":[{"count":7,"href":"https:\/\/www.terresdejeu.fr\/index.php\/wp-json\/wp\/v2\/pages\/3023\/revisions"}],"predecessor-version":[{"id":3423,"href":"https:\/\/www.terresdejeu.fr\/index.php\/wp-json\/wp\/v2\/pages\/3023\/revisions\/3423"}],"wp:attachment":[{"href":"https:\/\/www.terresdejeu.fr\/index.php\/wp-json\/wp\/v2\/media?parent=3023"}],"curies":[{"name":"wp","href":"https:\/\/api.w.org\/{rel}","templated":true}]}}