{"id":2,"date":"2016-08-26T14:57:59","date_gmt":"2016-08-26T13:57:59","guid":{"rendered":"http:\/\/www.terresdejeu.fr\/?page_id=2"},"modified":"2023-06-30T16:23:00","modified_gmt":"2023-06-30T15:23:00","slug":"page-d-exemple","status":"publish","type":"page","link":"https:\/\/www.terresdejeu.fr\/index.php\/page-d-exemple\/","title":{"rendered":"L&#8217;\u00e9quipe"},"content":{"rendered":"\n<p class=\"has-large-font-size\"><strong><span class=\"has-inline-color has-luminous-vivid-orange-color\">La ludoth\u00e8que Terres de Jeu, c&#8217;est qui ?<\/span><\/strong><\/p>\n\n\n\n<div class=\"wp-block-columns is-layout-flex wp-container-core-columns-is-layout-9d6595d7 wp-block-columns-is-layout-flex\">\n<div class=\"wp-block-column is-layout-flow wp-block-column-is-layout-flow\">\n<p><strong><span class=\"has-inline-color has-luminous-vivid-orange-color\">Une association compos\u00e9e de :<\/span><\/strong><\/p>\n\n\n\n<ul class=\"wp-block-list\">\n<li>Un bureau compos\u00e9 de 6 personnes<\/li>\n\n\n\n<li>Un conseil d&#8217;administration de 23 membres<\/li>\n\n\n\n<li>2 salari\u00e9es (\u00e0 35h\/semaine)<\/li>\n\n\n\n<li>1 ou 2 volontaires en service civique<\/li>\n\n\n\n<li>Environ 25 b\u00e9n\u00e9voles actifs<\/li>\n\n\n\n<li>+ de 1000 adh\u00e9rents&nbsp;<\/li>\n<\/ul>\n<\/div>\n\n\n\n<div class=\"wp-block-column is-layout-flow wp-block-column-is-layout-flow\">\n<p><strong><span class=\"has-inline-color has-luminous-vivid-orange-color\">Le ludoth\u00e9caire&#8230; quel est cette b\u00eate \u00e9trange ?<\/span><\/strong><\/p>\n\n\n\n<p>Vous voyez souvent vos ludoth\u00e9caires s&#8217;affairer sur le temps d&#8217;accueils ( pr\u00eat de jeu, conseil, veiller \u00e0 ce que tout se passe au mieux et que le chaos n&#8217;envahisse pas les lieux&#8230;)<\/p>\n\n\n\n<p>Mais ce n&#8217;est que la partie visible de l&#8217;iceberg!&nbsp;<\/p>\n<\/div>\n<\/div>\n\n\n\n<hr class=\"wp-block-separator has-css-opacity\"\/>\n\n\n\n<div class=\"wp-block-columns is-layout-flex wp-container-core-columns-is-layout-9d6595d7 wp-block-columns-is-layout-flex\">\n<div class=\"wp-block-column is-layout-flow wp-block-column-is-layout-flow\">\n<p class=\"has-medium-font-size\"><strong><span class=\"has-inline-color has-luminous-vivid-orange-color\">Julie et Elsa, vos ludoth\u00e9caires<\/span><\/strong><\/p>\n\n\n\n<p>Lorsque vous les croyez au repos, ne vous y trompez pas, elles interviennent sur diverses missions: ateliers jeux avec les collectivit\u00e9s (EHPAD,r\u00e9sidence seniors,  cr\u00e8che, IMP, p\u00e9riscolaire, RPE, h\u00f4pital de jour, \u00e9cole, FAM&#8230; ), gestion du fonds de jeu, administratif (communication, facturation, d\u00e9marchage, mise en place de projet, r\u00e9unions, communication etc..)! Elles r\u00e9fl\u00e9chissent aussi en permanence aux nouveaux jeux et activit\u00e9s qui pourraient vous plaire et vous faire d\u00e9couvrir de nouveaux plaisirs de jeux!\u00a0<\/p>\n\n\n\n<p>Nos dynamiques b\u00e9n\u00e9voles ne boudent pas leur peine eux non plus (gestion du stock de jeu, accueils, animations, r\u00e9unions&#8230;).\u00a0<\/p>\n\n\n\n<p>La ludoth\u00e8que Terres de jeu est g\u00e9r\u00e9e par une \u00e9quipe tr\u00e8s dynamique gr\u00e2ce \u00e0 ses salari\u00e9s mais \u00e9galement gr\u00e2ce \u00e0 ses b\u00e9n\u00e9voles, \u00e0 l&#8217;origine de la cr\u00e9ation et du projet de la ludoth\u00e8que.<\/p>\n<\/div>\n\n\n\n<div class=\"wp-block-column is-layout-flow wp-block-column-is-layout-flow\">\n<figure class=\"wp-block-image size-large\"><img loading=\"lazy\" decoding=\"async\" width=\"943\" height=\"1024\" src=\"https:\/\/www.terresdejeu.fr\/wp-content\/uploads\/2016\/08\/IMG_0926-1-943x1024.jpg\" alt=\"\" class=\"wp-image-359\" srcset=\"https:\/\/www.terresdejeu.fr\/wp-content\/uploads\/2016\/08\/IMG_0926-1-943x1024.jpg 943w, https:\/\/www.terresdejeu.fr\/wp-content\/uploads\/2016\/08\/IMG_0926-1-276x300.jpg 276w, https:\/\/www.terresdejeu.fr\/wp-content\/uploads\/2016\/08\/IMG_0926-1-768x834.jpg 768w\" sizes=\"auto, (max-width: 943px) 100vw, 943px\" \/><\/figure>\n<\/div>\n<\/div>\n\n\n\n<hr class=\"wp-block-separator has-css-opacity\"\/>\n\n\n\n<h1 class=\"wp-block-heading has-text-align-center\"><strong>&nbsp;L&#8217;\u00e9quipe Terres de Jeu !&nbsp;<\/strong><\/h1>\n\n\n<div class=\"wp-block-image\">\n<figure class=\"aligncenter\"><a href=\"https:\/\/www.terresdejeu.fr\/wp-content\/uploads\/2016\/08\/1449116409ninjago-equipe-complete-lego-dessin.jpg\" rel=\"lightbox-0\"><img loading=\"lazy\" decoding=\"async\" width=\"1749\" height=\"725\" src=\"https:\/\/www.terresdejeu.fr\/wp-content\/uploads\/2016\/08\/1449116409ninjago-equipe-complete-lego-dessin.jpg\" alt=\"\" class=\"wp-image-363\" srcset=\"https:\/\/www.terresdejeu.fr\/wp-content\/uploads\/2016\/08\/1449116409ninjago-equipe-complete-lego-dessin.jpg 1749w, https:\/\/www.terresdejeu.fr\/wp-content\/uploads\/2016\/08\/1449116409ninjago-equipe-complete-lego-dessin-300x124.jpg 300w, https:\/\/www.terresdejeu.fr\/wp-content\/uploads\/2016\/08\/1449116409ninjago-equipe-complete-lego-dessin-768x318.jpg 768w, https:\/\/www.terresdejeu.fr\/wp-content\/uploads\/2016\/08\/1449116409ninjago-equipe-complete-lego-dessin-1024x424.jpg 1024w\" sizes=\"auto, (max-width: 1749px) 100vw, 1749px\" \/><\/a><\/figure>\n<\/div>","protected":false},"excerpt":{"rendered":"<p>La ludoth\u00e8que Terres de Jeu, c&#8217;est qui ? Une association compos\u00e9e de : Le ludoth\u00e9caire&#8230; quel est cette b\u00eate \u00e9trange ? Vous voyez souvent vos ludoth\u00e9caires s&#8217;affairer sur le temps d&#8217;accueils ( pr\u00eat de jeu, conseil, veiller \u00e0 ce que tout se passe au mieux et que le chaos n&#8217;envahisse pas les lieux&#8230;) Mais ce [&hellip;]<\/p>\n","protected":false},"author":1,"featured_media":0,"parent":0,"menu_order":0,"comment_status":"closed","ping_status":"closed","template":"","meta":{"footnotes":""},"class_list":["post-2","page","type-page","status-publish","hentry"],"_links":{"self":[{"href":"https:\/\/www.terresdejeu.fr\/index.php\/wp-json\/wp\/v2\/pages\/2","targetHints":{"allow":["GET"]}}],"collection":[{"href":"https:\/\/www.terresdejeu.fr\/index.php\/wp-json\/wp\/v2\/pages"}],"about":[{"href":"https:\/\/www.terresdejeu.fr\/index.php\/wp-json\/wp\/v2\/types\/page"}],"author":[{"embeddable":true,"href":"https:\/\/www.terresdejeu.fr\/index.php\/wp-json\/wp\/v2\/users\/1"}],"replies":[{"embeddable":true,"href":"https:\/\/www.terresdejeu.fr\/index.php\/wp-json\/wp\/v2\/comments?post=2"}],"version-history":[{"count":35,"href":"https:\/\/www.terresdejeu.fr\/index.php\/wp-json\/wp\/v2\/pages\/2\/revisions"}],"predecessor-version":[{"id":2702,"href":"https:\/\/www.terresdejeu.fr\/index.php\/wp-json\/wp\/v2\/pages\/2\/revisions\/2702"}],"wp:attachment":[{"href":"https:\/\/www.terresdejeu.fr\/index.php\/wp-json\/wp\/v2\/media?parent=2"}],"curies":[{"name":"wp","href":"https:\/\/api.w.org\/{rel}","templated":true}]}}