{"id":1984,"date":"2021-10-22T12:24:43","date_gmt":"2021-10-22T11:24:43","guid":{"rendered":"http:\/\/www.terresdejeu.fr\/?page_id=1984"},"modified":"2025-09-30T10:00:08","modified_gmt":"2025-09-30T09:00:08","slug":"reglement-interieur-ludotheque","status":"publish","type":"page","link":"https:\/\/www.terresdejeu.fr\/index.php\/reglement-interieur-ludotheque\/","title":{"rendered":"R\u00e8glement int\u00e9rieur ludoth\u00e8que"},"content":{"rendered":"\n<p><strong>R\u00e8gles d\u2019utilisation de la ludoth\u00e8que Terres de Jeu<\/strong><\/p>\n\n\n\n<p><em><strong>Mise \u00e0 jour janvier 2025<\/strong><\/em><\/p>\n\n\n\n<p>La ludoth\u00e8que \u00ab&nbsp;Terres de jeu&nbsp;\u00bb est une association intercommunale, situ\u00e9e au sein de la Communaut\u00e9 des Communes des Coteaux Bordelais. Elle s\u2019adresse \u00e0 tous les publics.<\/p>\n\n\n\n<p><strong><mark style=\"background-color:rgba(0, 0, 0, 0)\" class=\"has-inline-color has-luminous-vivid-orange-color\">Horaires&nbsp;:<\/mark><\/strong><\/p>\n\n\n\n<p><strong>Salleboeuf, <\/strong><strong>P<\/strong><strong>\u00f4le de la Source :<\/strong> mercredi 10h-12h30\/ 14h-18h15, samedi 10h-12h30<\/p>\n\n\n\n<p><strong>Tresses, <\/strong><strong>salle de la Fontaine<\/strong><strong>&nbsp;: <\/strong>mercredi 10h-12h30\/ 14h-18h15, samedi 10h-12h30,<br>bonus vacances scolaires&nbsp;: lundi et vendredi 14h-18h15<\/p>\n\n\n\n<p>Un fonds de jeux et de jouets est mis \u00e0 la disposition des adh\u00e9rents de l\u2019association Terres de Jeu. Ce fonds peut \u00eatre utilis\u00e9 sur place ou \u00e0 domicile, gr\u00e2ce aux modalit\u00e9s d\u2019emprunt. Une \u00e9quipe de salari\u00e9s (ludoth\u00e9caires), b\u00e9n\u00e9voles et volontaires en service civique, sont pr\u00e9sents pour accueillir, conseiller et guider les usagers,<\/p>\n\n\n\n<p>La fr\u00e9quentation de la ludoth\u00e8que impose pour chaque usager la prise en compte de quelques r\u00e8gles de vie, pour le respect des lieux, du mat\u00e9riel et des personnes dans le but de favoriser le \u00ab&nbsp;vivre ensemble&nbsp;\u00bb.<\/p>\n\n\n\n<p><strong>Modalit\u00e9s d\u2019accueil et de jeu sur place&nbsp;:<\/strong><\/p>\n\n\n\n<ul class=\"wp-block-list\">\n<li>Les adh\u00e9rents peuvent venir et repartir \u00e0 tout moment sur les cr\u00e9neaux d\u2019ouverture. Il est demand\u00e9 aux adh\u00e9rents de respecter les horaires d\u2019ouverture et fermeture des accueils. Dans le souci d\u2019un accueil de qualit\u00e9, en cas d\u2019affluence du public, l\u2019\u00e9quipe de la ludoth\u00e8que se r\u00e9serve le droit d\u2019inviter les personnes pr\u00e9sentes depuis le plus longtemps \u00e0 laisser la place aux derniers arriv\u00e9s.<\/li>\n\n\n\n<li>Il est demand\u00e9 aux adh\u00e9rents de se pr\u00e9senter \u00e0 la borne d\u2019accueil, avec leur carte, lors de leur arriv\u00e9e<\/li>\n\n\n\n<li>Les espaces de jeux (au-del\u00e0 de la borne d\u2019accueil) sont sans chaussures Une zone est pr\u00e9vue \u00e0 l\u2019entr\u00e9e pour d\u00e9poser manteaux et chaussures.<\/li>\n\n\n\n<li>La ludoth\u00e8que ne se substitue pas \u00e0 un mode de garde. Ainsi son \u00e9quipe (b\u00e9n\u00e9voles et salari\u00e9s) n\u2019est pas responsable des mineurs qui fr\u00e9quentent les lieux.<\/li>\n<\/ul>\n\n\n\n<p>De plus, les enfants de moins de 8 ans doivent \u00eatre accompagn\u00e9s d\u2019un adulte lors de leur venue.<\/p>\n\n\n\n<ul class=\"wp-block-list\">\n<li>L\u2019association \u00ab&nbsp;Terres de Jeu&nbsp;\u00bb d\u00e9cline toute responsabilit\u00e9 en cas de pertes et de vols intervenant dans les locaux de la ludoth\u00e8que et en ext\u00e9rieur.<\/li>\n\n\n\n<li>Les trottinettes, rollers et v\u00e9lo ne sont pas autoris\u00e9s dans l\u2019espace de la ludoth\u00e8que. Les adh\u00e9rents sont pri\u00e9s de les laisser dans l\u2019espace pr\u00e9vu \u00e0 cet effet.<\/li>\n\n\n\n<li>Nos amis les animaux ne sont pas accept\u00e9s dans les locaux.<\/li>\n\n\n\n<li>Il est interdit de manger dans la ludoth\u00e8que en dehors de l\u2019espace pr\u00e9vu \u00e0 cet effet.<\/li>\n\n\n\n<li>Pour le respect de tous, les adh\u00e9rents sont invit\u00e9s \u00e0 utiliser leur t\u00e9l\u00e9phone, courir ou crier \u00e0 l\u2019ext\u00e9rieur des locaux<\/li>\n\n\n\n<li>Les jeux seront rang\u00e9s par les usagers au fur et \u00e0 mesure de leur utilisation. S\u2019assurer que le jeu est bien complet avant de le remettre \u00e0 sa place, solliciter l\u2019\u00e9quipe de la ludoth\u00e8que si besoin d\u2019aide. De m\u00eame, si un jeu est ab\u00eem\u00e9 ou trouv\u00e9 cass\u00e9 en cours d\u2019accueil, merci de le signaler \u00e0 l\u2019\u00e9quipe de la ludoth\u00e8que.<\/li>\n\n\n\n<li>Les parents sont responsables de leurs enfants et les accompagneront \u00e0 la gestion de leurs \u00e9motions, au rangement et au maintien de la propret\u00e9 (WC).<\/li>\n\n\n\n<li>La zone de don de jeux est accessible uniquement aux adultes (\u00e0 Tresses uniquement, r\u00e8gles de fonctionnement sur place)<\/li>\n\n\n\n<li>Un coin caf\u00e9 collaboratif est mis \u00e0 disposition des adh\u00e9rents (\u00e0 Tresses uniquement), r\u00e8gles de fonctionnement sur place<\/li>\n<\/ul>\n\n\n\n<p><strong><mark style=\"background-color:rgba(0, 0, 0, 0)\" class=\"has-inline-color has-luminous-vivid-orange-color\">Modalit\u00e9s d\u2019emprunt&nbsp;:<\/mark><\/strong><\/p>\n\n\n\n<ul class=\"wp-block-list\">\n<li>Pour emprunter un jeu, l\u2019adh\u00e9rent doit \u00eatre \u00e0 jour de ses adh\u00e9sion et caution.<\/li>\n\n\n\n<li>La dur\u00e9e de l\u2019emprunt est de 4 semaines. L\u2019emprunt peut \u00eatre prolong\u00e9 d\u2019un mois, sur demande de l\u2019adh\u00e9rent, \u00e0 condition que le jeu ne soit pas r\u00e9serv\u00e9 pour un autre adh\u00e9rent. L\u2019adh\u00e9rent s\u2019engage \u00e0 rendre le jeu \/ jouet emprunt\u00e9 dans le d\u00e9lai fix\u00e9 par la pr\u00e9sente charte.<\/li>\n\n\n\n<li>Les jeux et jouets des espaces de Jeu sur place, construction et symbolique (d\u00eenette, figurines, v\u00e9hicules, marionnettes, etc), ne sont pas empruntables. Une zone de pr\u00eat est pr\u00e9vue pour ce type de jeux et jouets. Les jeux de cette zone ne sont pas jouables dans la ludoth\u00e8que. Les autres jeux de la ludoth\u00e8que sont empruntables sauf indication contraire.<\/li>\n<\/ul>\n\n\n\n<ul class=\"wp-block-list\">\n<li>Lors de l\u2019emprunt, l\u2019adh\u00e9rent v\u00e9rifie l\u2019\u00e9tat, le contenu et le contenant du jeu. Il signale toute anomalie. Si l\u2019adh\u00e9rent emprunte un jeu sans rien signaler, il sera tenu pour responsable de toute anomalie constat\u00e9e par l\u2019\u00e9quipe de la ludoth\u00e8que apr\u00e8s v\u00e9rification au retour du jeu.<\/li>\n\n\n\n<li>Pendant la dur\u00e9e du pr\u00eat, la ludoth\u00e8que n\u2019est pas responsable d\u2019une d\u00e9t\u00e9rioration du jeu qui pourrait r\u00e9sulter d\u2019une mauvaise utilisation.<\/li>\n\n\n\n<li>Aucune r\u00e9paration du jeu \/ jouet ne doit \u00eatre engag\u00e9e sans \u00eatre soumise \u00e0 l\u2019\u00e9quipe de la ludoth\u00e8que.<\/li>\n\n\n\n<li>Au retour du jeu ou du jouet, l\u2019\u00e9quipe de la ludoth\u00e8que en v\u00e9rifie l\u2019\u00e9tat, le contenu et le contenant.<\/li>\n\n\n\n<li>Les jeux et les jouets doivent \u00eatre rendus propres, secs et en bon \u00e9tat.<\/li>\n\n\n\n<li>En cas de retour partiel ou en mauvais \u00e9tat du (jeu-jouet-contenant), une solution adapt\u00e9e sera d\u00e9cid\u00e9e par l\u2019\u00e9quipe (remplacement, remboursement, rachat, etc.)<\/li>\n\n\n\n<li>La ludoth\u00e8que ne r\u00e9cup\u00e8re que les jeux correspondants \u00e0 l\u2019\u00e9tat signal\u00e9 lors de l\u2019emprunt. En cas de pi\u00e8ce perdue ou ab\u00eem\u00e9e, l\u2019adh\u00e9rent peut contacter la ludoth\u00e8que afin de faire le point et b\u00e9n\u00e9ficier d\u2019un d\u00e9lai de 15 jours suppl\u00e9mentaires pour retrouver ou se procurer la pi\u00e8ce. En cas de retour de jeu incomplet, la pi\u00e8ce ou le jeu sera factur\u00e9 au prorata de la d\u00e9pense occasionn\u00e9e pour la ludoth\u00e8que.<\/li>\n\n\n\n<li>En cas de retard, l\u2019adh\u00e9rent recevra un mail de rappel. En cas de non r\u00e9ponse, il sera directement contact\u00e9 par t\u00e9l\u00e9phone. Si malgr\u00e9 ces deux rappels, le jeu ou le jouet n\u2019est pas restitu\u00e9, et en l\u2019absence de r\u00e9ponse de l\u2019adh\u00e9rent, la ludoth\u00e8que se r\u00e9serve le droit d\u2019encaisser la caution. Cet encaissement se fera \u00e0 partir du 60<sup>\u00e8me<\/sup> jour de retard, apr\u00e8s l\u2019envoi d\u2019un courrier recommand\u00e9 avec accus\u00e9 de r\u00e9ception l\u2019informant de l\u2019action en application du r\u00e8glement.<\/li>\n\n\n\n<li>L\u2019adh\u00e9rent est en droit de r\u00e9server des jeux et jouets. D\u00e8s le retour du jeu, l\u2019\u00e9quipe de la ludoth\u00e8que en informera l\u2019adh\u00e9rent qui aura un d\u00e9lai de 15 jours pour le r\u00e9cup\u00e9rer.<\/li>\n<\/ul>\n\n\n\n<p>Au-del\u00e0 de ce d\u00e9lai, le jeu sera remis \u00e0 disposition de tous.<\/p>\n\n\n\n<ul class=\"wp-block-list\">\n<li>Les piles sont \u00e0 la charge de l\u2019utilisateur.<\/li>\n<\/ul>\n\n\n\n<p><strong><mark style=\"background-color:rgba(0, 0, 0, 0)\" class=\"has-inline-color has-luminous-vivid-orange-color\">RGPD&nbsp;:<\/mark><\/strong><\/p>\n\n\n\n<p>A tout moment l\u2019adh\u00e9rent peut demander la consultation, modification ou la suppression de ses donn\u00e9es personnelles.<\/p>\n\n\n\n<p><strong><mark style=\"background-color:rgba(0, 0, 0, 0)\" class=\"has-inline-color has-luminous-vivid-orange-color\">Conclusion&nbsp;:<\/mark><\/strong><\/p>\n\n\n\n<ul class=\"wp-block-list\">\n<li>Toute personne utilisant les services de la ludoth\u00e8que s\u2019engage \u00e0 se conformer \u00e0 la pr\u00e9sente charte. Le non\u2013respect de ces r\u00e8gles de vie pourra entra\u00eener la suspension provisoire ou d\u00e9finitive de l\u2019inscription.<\/li>\n\n\n\n<li>L\u2019\u00e9quipe de la ludoth\u00e8que est charg\u00e9e de l\u2019application de la pr\u00e9sente charte.<\/li>\n\n\n\n<li>Toute modification de la pr\u00e9sente charte sera notifi\u00e9e par voie d\u2019affichage \u00e0 la ludoth\u00e8que et par mail.<\/li>\n<\/ul>\n\n\n\n<p><strong><mark style=\"background-color:rgba(0, 0, 0, 0)\" class=\"has-inline-color has-luminous-vivid-orange-color\">En bref&nbsp;:<\/mark><\/strong><\/p>\n\n\n\n<p>Le ludoth\u00e9caire s\u2019engage \u00e0&nbsp;:<\/p>\n\n\n\n<ul class=\"wp-block-list\">\n<li>Accueillir, conseiller et guider les adh\u00e9rents.<\/li>\n\n\n\n<li>Veiller au confort et au respect des personnes et des lieux.<\/li>\n\n\n\n<li>\u00catre disponible \u00e0 tout instant sur les temps d\u2019accueil.<\/li>\n\n\n\n<li>Jouer avec les adh\u00e9rents s\u2019ils le souhaitent et que les conditions le permettent.<\/li>\n<\/ul>\n\n\n\n<p>L\u2019adulte s\u2019engage \u00e0&nbsp;:<\/p>\n\n\n\n<ul class=\"wp-block-list\">\n<li>Respecter la charte de la ludoth\u00e8que.<\/li>\n\n\n\n<li>Respecter les personnes et les lieux.<\/li>\n\n\n\n<li>V\u00e9rifier et remettre en place les jeux utilis\u00e9s.<\/li>\n\n\n\n<li>Surveiller les enfants sous sa responsabilit\u00e9, et v\u00e9rifier qu\u2019ils respectent la charte (rangement, volume sonore, \u00e9tat des toilettes, etc)<\/li>\n<\/ul>\n\n\n\n<p><strong><mark style=\"background-color:rgba(0, 0, 0, 0)\" class=\"has-inline-color has-luminous-vivid-orange-color\">Charte sp\u00e9ciale enfants&nbsp;:<\/mark><\/strong><\/p>\n\n\n\n<p>Quand je viens \u00e0 la ludoth\u00e8que, je m\u2019engage \u00e0&nbsp;:<\/p>\n\n\n\n<ul class=\"wp-block-list\">\n<li>Faire attention aux personnes autour de moi.<\/li>\n\n\n\n<li>Faire attention aux jeux, jouets et lieux.<\/li>\n\n\n\n<li>Ranger les jeux \u00e0 leur place quand j\u2019ai fini de jouer.<\/li>\n\n\n\n<li>Enlever mes chaussures au coin b\u00e9b\u00e9 et sur les tapis.<\/li>\n\n\n\n<li>Aller dehors si je veux courir ou crier.<\/li>\n\n\n\n<li>Manger \u00e0 la table \u00e0 go\u00fbter si je mange \u00e0 la ludoth\u00e8que.<\/li>\n<\/ul>\n\n\n\n<p>La pr\u00e9sente charte sera envoy\u00e9e par mail \u00e0 chaque (r\u00e9)adh\u00e9sion et valid\u00e9e par l\u2019adh\u00e9rent par signature \u00e9lectronique (ou en version papier sur demande).<\/p>\n","protected":false},"excerpt":{"rendered":"<p>R\u00e8gles d\u2019utilisation de la ludoth\u00e8que Terres de Jeu Mise \u00e0 jour janvier 2025 La ludoth\u00e8que \u00ab&nbsp;Terres de jeu&nbsp;\u00bb est une association intercommunale, situ\u00e9e au sein de la Communaut\u00e9 des Communes des Coteaux Bordelais. Elle s\u2019adresse \u00e0 tous les publics. Horaires&nbsp;: Salleboeuf, P\u00f4le de la Source : mercredi 10h-12h30\/ 14h-18h15, samedi 10h-12h30 Tresses, salle de la [&hellip;]<\/p>\n","protected":false},"author":1,"featured_media":0,"parent":0,"menu_order":0,"comment_status":"closed","ping_status":"closed","template":"","meta":{"footnotes":""},"class_list":["post-1984","page","type-page","status-publish","hentry"],"_links":{"self":[{"href":"https:\/\/www.terresdejeu.fr\/index.php\/wp-json\/wp\/v2\/pages\/1984","targetHints":{"allow":["GET"]}}],"collection":[{"href":"https:\/\/www.terresdejeu.fr\/index.php\/wp-json\/wp\/v2\/pages"}],"about":[{"href":"https:\/\/www.terresdejeu.fr\/index.php\/wp-json\/wp\/v2\/types\/page"}],"author":[{"embeddable":true,"href":"https:\/\/www.terresdejeu.fr\/index.php\/wp-json\/wp\/v2\/users\/1"}],"replies":[{"embeddable":true,"href":"https:\/\/www.terresdejeu.fr\/index.php\/wp-json\/wp\/v2\/comments?post=1984"}],"version-history":[{"count":10,"href":"https:\/\/www.terresdejeu.fr\/index.php\/wp-json\/wp\/v2\/pages\/1984\/revisions"}],"predecessor-version":[{"id":3187,"href":"https:\/\/www.terresdejeu.fr\/index.php\/wp-json\/wp\/v2\/pages\/1984\/revisions\/3187"}],"wp:attachment":[{"href":"https:\/\/www.terresdejeu.fr\/index.php\/wp-json\/wp\/v2\/media?parent=1984"}],"curies":[{"name":"wp","href":"https:\/\/api.w.org\/{rel}","templated":true}]}}