{"id":164,"date":"2016-08-26T20:56:03","date_gmt":"2016-08-26T19:56:03","guid":{"rendered":"http:\/\/www.terresdejeu.fr\/?page_id=164"},"modified":"2025-12-12T09:24:44","modified_gmt":"2025-12-12T08:24:44","slug":"contact","status":"publish","type":"page","link":"https:\/\/www.terresdejeu.fr\/index.php\/contact\/","title":{"rendered":"Lieu&amp;Contact"},"content":{"rendered":"\n<h1 class=\"wp-block-heading\"><\/h1>\n\n\n\n<div class=\"wp-block-columns is-layout-flex wp-container-core-columns-is-layout-9d6595d7 wp-block-columns-is-layout-flex\">\n<div class=\"wp-block-column is-layout-flow wp-block-column-is-layout-flow\"><div class=\"wp-block-image\">\n<figure class=\"alignleft is-resized\"><a href=\"https:\/\/www.terresdejeu.fr\/wp-content\/uploads\/2018\/02\/contact.jpg\" rel=\"lightbox-0\"><img loading=\"lazy\" decoding=\"async\" width=\"500\" height=\"242\" src=\"https:\/\/www.terresdejeu.fr\/wp-content\/uploads\/2018\/02\/contact.jpg\" alt=\"\" class=\"wp-image-966\" style=\"width:285px;height:138px\" srcset=\"https:\/\/www.terresdejeu.fr\/wp-content\/uploads\/2018\/02\/contact.jpg 500w, https:\/\/www.terresdejeu.fr\/wp-content\/uploads\/2018\/02\/contact-300x145.jpg 300w\" sizes=\"auto, (max-width: 500px) 100vw, 500px\" \/><\/a><\/figure>\n<\/div><\/div>\n\n\n\n<div class=\"wp-block-column is-layout-flow wp-block-column-is-layout-flow\">\n<p>N&#8217;h\u00e9sitez pas \u00e0 nous contacter :<\/p>\n\n\n\n<ul id=\"block-242412b0-bce2-4dce-a7a8-159222c54559\" class=\"wp-block-list\">\n<li><strong>Par mail :<\/strong> <a href=\"mailto:ludotheque.terresdejeu@gmail.com\">ludotheque.terresdejeu@gmail.com<\/a><\/li>\n\n\n\n<li><strong>Par t\u00e9l\u00e9phone :<\/strong><\/li>\n\n\n\n<li>05-56-52-14-28 &nbsp;<\/li>\n\n\n\n<li>07-83-94-06-80<\/li>\n\n\n\n<li><strong>Par courrier :<\/strong> Ludoth\u00e8que Terres de jeu, Salle de la fontaine 33370 Tresses<\/li>\n<\/ul>\n<\/div>\n\n\n\n<div class=\"wp-block-column is-layout-flow wp-block-column-is-layout-flow\">\n<p>Retrouvez \u00e9galement nos actualit\u00e9s sur notre page Facebook et sur notre page Instagram :<\/p>\n\n\n\n<ul id=\"block-82bd9f45-b311-49c4-af6c-bb2c65fdb4de\" class=\"wp-block-list\">\n<li><strong>Facebook<\/strong>: <a href=\"http:\/\/www.facebook.com\/terresdejeu\">@terresdejeu<\/a><\/li>\n\n\n\n<li><strong>Instagram:<\/strong> <a href=\"https:\/\/www.instagram.com\/ludotheque_terresdejeu\/?hl=fr\">Ludotheque_terresdejeu<\/a><\/li>\n<\/ul>\n<\/div>\n<\/div>\n\n\n\n<div class=\"wp-block-columns is-layout-flex wp-container-core-columns-is-layout-9d6595d7 wp-block-columns-is-layout-flex\">\n<div class=\"wp-block-column is-layout-flow wp-block-column-is-layout-flow\">\n<figure class=\"wp-block-image size-large\"><img loading=\"lazy\" decoding=\"async\" width=\"1024\" height=\"768\" src=\"https:\/\/www.terresdejeu.fr\/wp-content\/uploads\/2025\/01\/IMG_20250124_092412-1024x768.jpg\" alt=\"\" class=\"wp-image-3167\" srcset=\"https:\/\/www.terresdejeu.fr\/wp-content\/uploads\/2025\/01\/IMG_20250124_092412-1024x768.jpg 1024w, https:\/\/www.terresdejeu.fr\/wp-content\/uploads\/2025\/01\/IMG_20250124_092412-300x225.jpg 300w, https:\/\/www.terresdejeu.fr\/wp-content\/uploads\/2025\/01\/IMG_20250124_092412-768x576.jpg 768w, https:\/\/www.terresdejeu.fr\/wp-content\/uploads\/2025\/01\/IMG_20250124_092412-1536x1152.jpg 1536w, https:\/\/www.terresdejeu.fr\/wp-content\/uploads\/2025\/01\/IMG_20250124_092412-2048x1536.jpg 2048w\" sizes=\"auto, (max-width: 1024px) 100vw, 1024px\" \/><figcaption class=\"wp-element-caption\"><strong><em>Salle de la Fontaine, Tresses<\/em><\/strong><\/figcaption><\/figure>\n\n\n\n<p><a href=\"https:\/\/maps.app.goo.gl\/zuPPePWZcRcBMxD86\" target=\"_blank\" rel=\"noreferrer noopener\">https:\/\/maps.app.goo.gl\/zuPPePWZcRcBMxD86<\/a><\/p>\n<\/div>\n\n\n\n<div class=\"wp-block-column is-layout-flow wp-block-column-is-layout-flow\">\n<figure class=\"wp-block-image size-large\"><img loading=\"lazy\" decoding=\"async\" width=\"1024\" height=\"768\" src=\"https:\/\/www.terresdejeu.fr\/wp-content\/uploads\/2025\/01\/IMG_20250124_092447-1024x768.jpg\" alt=\"\" class=\"wp-image-3166\" srcset=\"https:\/\/www.terresdejeu.fr\/wp-content\/uploads\/2025\/01\/IMG_20250124_092447-1024x768.jpg 1024w, https:\/\/www.terresdejeu.fr\/wp-content\/uploads\/2025\/01\/IMG_20250124_092447-300x225.jpg 300w, https:\/\/www.terresdejeu.fr\/wp-content\/uploads\/2025\/01\/IMG_20250124_092447-768x576.jpg 768w, https:\/\/www.terresdejeu.fr\/wp-content\/uploads\/2025\/01\/IMG_20250124_092447-1536x1152.jpg 1536w, https:\/\/www.terresdejeu.fr\/wp-content\/uploads\/2025\/01\/IMG_20250124_092447-2048x1536.jpg 2048w\" sizes=\"auto, (max-width: 1024px) 100vw, 1024px\" \/><figcaption class=\"wp-element-caption\"><strong><em>Salle de la Fontaine Tresses <\/em><\/strong><\/figcaption><\/figure>\n\n\n\n<p><\/p>\n<\/div>\n<\/div>\n\n\n\n<div class=\"wp-block-columns is-layout-flex wp-container-core-columns-is-layout-9d6595d7 wp-block-columns-is-layout-flex\">\n<div class=\"wp-block-column is-layout-flow wp-block-column-is-layout-flow\">\n<figure class=\"wp-block-image size-large\"><img loading=\"lazy\" decoding=\"async\" width=\"1012\" height=\"1024\" src=\"https:\/\/www.terresdejeu.fr\/wp-content\/uploads\/2016\/08\/salleboeufexterieur3-1012x1024.jpg\" alt=\"\" class=\"wp-image-275\" srcset=\"https:\/\/www.terresdejeu.fr\/wp-content\/uploads\/2016\/08\/salleboeufexterieur3-1012x1024.jpg 1012w, https:\/\/www.terresdejeu.fr\/wp-content\/uploads\/2016\/08\/salleboeufexterieur3-296x300.jpg 296w, https:\/\/www.terresdejeu.fr\/wp-content\/uploads\/2016\/08\/salleboeufexterieur3-768x777.jpg 768w\" sizes=\"auto, (max-width: 1012px) 100vw, 1012px\" \/><figcaption class=\"wp-element-caption\"><strong><em>P\u00f4le culturel : La source, Salleboeuf<\/em><\/strong><\/figcaption><\/figure>\n\n\n\n<p><a href=\"https:\/\/maps.app.goo.gl\/2c29sisyY1qLHFqf9\" target=\"_blank\" rel=\"noreferrer noopener\">https:\/\/maps.app.goo.gl\/2c29sisyY1qLHFqf9<\/a><\/p>\n<\/div>\n\n\n\n<div class=\"wp-block-column is-layout-flow wp-block-column-is-layout-flow\">\n<figure class=\"wp-block-image size-full\"><img loading=\"lazy\" decoding=\"async\" width=\"1024\" height=\"639\" src=\"https:\/\/www.terresdejeu.fr\/wp-content\/uploads\/2022\/06\/image.png\" alt=\"\" class=\"wp-image-2256\" srcset=\"https:\/\/www.terresdejeu.fr\/wp-content\/uploads\/2022\/06\/image.png 1024w, https:\/\/www.terresdejeu.fr\/wp-content\/uploads\/2022\/06\/image-300x187.png 300w, https:\/\/www.terresdejeu.fr\/wp-content\/uploads\/2022\/06\/image-768x479.png 768w\" sizes=\"auto, (max-width: 1024px) 100vw, 1024px\" \/><figcaption class=\"wp-element-caption\"><strong><em>P\u00f4le culturel : La source, Salleboeuf<\/em><\/strong><\/figcaption><\/figure>\n<\/div>\n<\/div>\n","protected":false},"excerpt":{"rendered":"<p>N&#8217;h\u00e9sitez pas \u00e0 nous contacter : Retrouvez \u00e9galement nos actualit\u00e9s sur notre page Facebook et sur notre page Instagram : https:\/\/maps.app.goo.gl\/zuPPePWZcRcBMxD86 https:\/\/maps.app.goo.gl\/2c29sisyY1qLHFqf9<\/p>\n","protected":false},"author":1,"featured_media":0,"parent":0,"menu_order":0,"comment_status":"closed","ping_status":"closed","template":"","meta":{"footnotes":""},"class_list":["post-164","page","type-page","status-publish","hentry"],"_links":{"self":[{"href":"https:\/\/www.terresdejeu.fr\/index.php\/wp-json\/wp\/v2\/pages\/164","targetHints":{"allow":["GET"]}}],"collection":[{"href":"https:\/\/www.terresdejeu.fr\/index.php\/wp-json\/wp\/v2\/pages"}],"about":[{"href":"https:\/\/www.terresdejeu.fr\/index.php\/wp-json\/wp\/v2\/types\/page"}],"author":[{"embeddable":true,"href":"https:\/\/www.terresdejeu.fr\/index.php\/wp-json\/wp\/v2\/users\/1"}],"replies":[{"embeddable":true,"href":"https:\/\/www.terresdejeu.fr\/index.php\/wp-json\/wp\/v2\/comments?post=164"}],"version-history":[{"count":20,"href":"https:\/\/www.terresdejeu.fr\/index.php\/wp-json\/wp\/v2\/pages\/164\/revisions"}],"predecessor-version":[{"id":3377,"href":"https:\/\/www.terresdejeu.fr\/index.php\/wp-json\/wp\/v2\/pages\/164\/revisions\/3377"}],"wp:attachment":[{"href":"https:\/\/www.terresdejeu.fr\/index.php\/wp-json\/wp\/v2\/media?parent=164"}],"curies":[{"name":"wp","href":"https:\/\/api.w.org\/{rel}","templated":true}]}}