{"id":1441,"date":"2020-06-03T15:02:16","date_gmt":"2020-06-03T14:02:16","guid":{"rendered":"http:\/\/www.terresdejeu.fr\/?page_id=1441"},"modified":"2025-09-24T08:10:09","modified_gmt":"2025-09-24T07:10:09","slug":"anniversaire","status":"publish","type":"page","link":"https:\/\/www.terresdejeu.fr\/index.php\/anniversaire\/","title":{"rendered":"Anniversaire (avec accord du ludoth\u00e9caire)"},"content":{"rendered":"\n<p class=\"has-text-align-left\"><strong>La ludoth\u00e8que organise l\u2019anniversaire de votre enfant <\/strong>! Elle vous accueille dans ses locaux de Tresses, am\u00e9nag\u00e9s et r\u00e9serv\u00e9s uniquement pour vous le temps d\u2019un apr\u00e8s-midi de septembre \u00e0 juin ! Des jeux sont organis\u00e9s et s\u00e9lectionn\u00e9s en fonction des envies de votre enfant (pirates, princesses, sorci\u00e8res, chantier\u2026) ou de l\u2019\u00e2ge des enfants.<\/p>\n\n\n\n<hr class=\"wp-block-separator has-css-opacity\"\/>\n\n\n\n<div class=\"wp-block-columns is-layout-flex wp-container-core-columns-is-layout-9d6595d7 wp-block-columns-is-layout-flex\">\n<div class=\"wp-block-column is-layout-flow wp-block-column-is-layout-flow\">\n<p><\/p>\n\n\n\n<p>Pour les 4-6 ans: 8 enfants max.<\/p>\n\n\n\n<p>Pour les 6 ans et + : 10 enfants max.<\/p>\n<\/div>\n\n\n\n<div class=\"wp-block-column is-layout-flow wp-block-column-is-layout-flow\">\n<p><em><strong><span class=\"has-inline-color has-luminous-vivid-orange-color\">Pr\u00e9sence obligatoire d\u2019au moins 1 adulte accompagnateur responsable des enfants pr\u00e9sents pendant toute la dur\u00e9e de l\u2019anniversaire.<\/span><\/strong><\/em><\/p>\n\n\n\n<p>R\u00e9servation obligatoire : au moins 2 semaines \u00e0 l\u2019avance.<\/p>\n<\/div>\n<\/div>\n\n\n\n<hr class=\"wp-block-separator has-css-opacity\"\/>\n\n\n\n<p class=\"has-text-align-left\">D\u00e9tails Tarifs: 27 \u20ac\/h d\u2019animation + 27\u20ac&nbsp;de forfait&nbsp;correspondant \u00e0 1h de pr\u00e9paration, installation, rangement. Comprend la mise \u00e0 disposition d\u2019un animateur, d\u2019une partie des locaux, d\u2019un espace go\u00fbter, le go\u00fbter \u00e9tant fourni par la famille. L\u2019anniversaire d\u00e9bute \u00e0 14h30, pour une dur\u00e9e de 2h (soit un forfait \u00e0 81\u20ac) ou 3h (accessible d\u00e8s la moyenne section) (soit un forfait \u00e0 108\u20ac).<\/p>\n\n\n\n<hr class=\"wp-block-separator has-css-opacity\"\/>\n\n\n\n<div class=\"wp-block-columns is-layout-flex wp-container-core-columns-is-layout-9d6595d7 wp-block-columns-is-layout-flex\">\n<div class=\"wp-block-column is-layout-flow wp-block-column-is-layout-flow\">\n<p class=\"has-text-align-left\"><strong><em>2h : 81\u20ac (23\u20ac d\u2019arrhes)<\/em><\/strong><\/p>\n\n\n\n<p class=\"has-text-align-left\"><strong><em>3h : 108\u20ac (31\u20ac d\u2019arrhes)<\/em><\/strong> (accessible d\u00e8s la seconde ann\u00e9e de maternelle)<\/p>\n<\/div>\n\n\n\n<div class=\"wp-block-column is-layout-flow wp-block-column-is-layout-flow\">\n<p class=\"has-text-align-left\">Des arrhes vous serons demand\u00e9es pour la r\u00e9servation d\u2019une date (30% de la somme). Le reste de la somme pourra \u00eatre r\u00e9gl\u00e9 le jour J. En cas d\u2019annulation moins de 15 jours avant la date d\u2019anniversaire, nous nous verrons dans l\u2019obligation de garder vos arrhes<\/p>\n<\/div>\n<\/div>\n\n\n\n<p><\/p>\n\n\n\n<div class=\"wp-block-group\"><div class=\"wp-block-group__inner-container is-layout-flow wp-block-group-is-layout-flow\">\n<iframe id=\"haWidget\" allowtransparency=\"true\" scrolling=\"auto\" src=\"https:\/\/www.helloasso.com\/associations\/ludotheque-terres-de-jeu\/adhesions\/anniversaire\/widget\" style=\"width:100%;height:750px;border:none;\" onload=\"window.scroll(0, this.offsetTop)\"><\/iframe><div style=\"width:100%;text-align:center;\">Propuls\u00e9 par <a href=\"https:\/\/www.helloasso.com\" rel=\"nofollow\">HelloAsso<\/a><\/div>\n<\/div><\/div>\n\n\n\n<p><\/p>\n\n\n\n<p><\/p>\n\n\n\n<p><\/p>\n\n\n\n<p><\/p>\n\n\n<div class=\"wp-block-image\">\n<figure class=\"aligncenter is-resized\"><img decoding=\"async\" src=\"https:\/\/encrypted-tbn0.gstatic.com\/images?q=tbn:ANd9GcS8iCm3ItETza9pTP5Tig_aVZkRuCazRdcSx4GS6Kvt3Zu5OBAWZQ&amp;s\" alt=\"Image associ\u00e9e\" style=\"width:272px;height:218px\"\/><figcaption class=\"wp-element-caption\"><strong><span class=\"has-inline-color has-luminous-vivid-orange-color\">Mon anniversaire \u00e0 la ludoth\u00e8que <\/span><\/strong><\/figcaption><\/figure>\n<\/div>","protected":false},"excerpt":{"rendered":"<p>La ludoth\u00e8que organise l\u2019anniversaire de votre enfant ! Elle vous accueille dans ses locaux de Tresses, am\u00e9nag\u00e9s et r\u00e9serv\u00e9s uniquement pour vous le temps d\u2019un apr\u00e8s-midi de septembre \u00e0 juin ! Des jeux sont organis\u00e9s et s\u00e9lectionn\u00e9s en fonction des envies de votre enfant (pirates, princesses, sorci\u00e8res, chantier\u2026) ou de l\u2019\u00e2ge des enfants. Pour les [&hellip;]<\/p>\n","protected":false},"author":1,"featured_media":780,"parent":0,"menu_order":0,"comment_status":"closed","ping_status":"closed","template":"","meta":{"footnotes":""},"class_list":["post-1441","page","type-page","status-publish","has-post-thumbnail","hentry"],"_links":{"self":[{"href":"https:\/\/www.terresdejeu.fr\/index.php\/wp-json\/wp\/v2\/pages\/1441","targetHints":{"allow":["GET"]}}],"collection":[{"href":"https:\/\/www.terresdejeu.fr\/index.php\/wp-json\/wp\/v2\/pages"}],"about":[{"href":"https:\/\/www.terresdejeu.fr\/index.php\/wp-json\/wp\/v2\/types\/page"}],"author":[{"embeddable":true,"href":"https:\/\/www.terresdejeu.fr\/index.php\/wp-json\/wp\/v2\/users\/1"}],"replies":[{"embeddable":true,"href":"https:\/\/www.terresdejeu.fr\/index.php\/wp-json\/wp\/v2\/comments?post=1441"}],"version-history":[{"count":20,"href":"https:\/\/www.terresdejeu.fr\/index.php\/wp-json\/wp\/v2\/pages\/1441\/revisions"}],"predecessor-version":[{"id":3335,"href":"https:\/\/www.terresdejeu.fr\/index.php\/wp-json\/wp\/v2\/pages\/1441\/revisions\/3335"}],"wp:featuredmedia":[{"embeddable":true,"href":"https:\/\/www.terresdejeu.fr\/index.php\/wp-json\/wp\/v2\/media\/780"}],"wp:attachment":[{"href":"https:\/\/www.terresdejeu.fr\/index.php\/wp-json\/wp\/v2\/media?parent=1441"}],"curies":[{"name":"wp","href":"https:\/\/api.w.org\/{rel}","templated":true}]}}