{"id":1375,"date":"2020-05-18T10:09:46","date_gmt":"2020-05-18T09:09:46","guid":{"rendered":"http:\/\/www.terresdejeu.fr\/?page_id=1375"},"modified":"2024-07-04T13:04:18","modified_gmt":"2024-07-04T12:04:18","slug":"adhesion","status":"publish","type":"page","link":"https:\/\/www.terresdejeu.fr\/index.php\/adhesion\/","title":{"rendered":"Adh\u00e9sion en ligne"},"content":{"rendered":"\n<p class=\"has-drop-cap has-luminous-vivid-orange-color has-text-color has-background\" style=\"background-color:#04394f;font-size:22px\"><strong>Payer ou renouveler son adh\u00e9sion \u00e0 la ludoth\u00e8que Terres de Jeu en ligne ! <\/strong> <\/p>\n\n\n\n<p>Une fois votre adh\u00e9sion r\u00e9alis\u00e9e, penser \u00e0 rapporter un ch\u00e8que de caution lors de votre passage \u00e0 la ludoth\u00e8que afin de pouvoir ouvrir vos droits au pr\u00eat de jeux (50\u20ac de ch\u00e8que de caution pour une adh\u00e9sion classique(2jeux), pour plus de jeux : adh:  3jeux: 75\u20ac, 4 jeux:100\u20ac etc. ) Cette caution n&#8217;est pas encaiss\u00e9e, elle est mise dans votre dossier. <\/p>\n\n\n<p><iframe id=\"haWidget\" allowtransparency=\"true\" scrolling=\"auto\" src=\"https:\/\/www.helloasso.com\/associations\/ludotheque-terres-de-jeu\/adhesions\/renouvellement-de-l-adhesion-1\/widget\" style=\"width:100%;height:750px;border:none;\" onload=\"window.scroll(0, this.offsetTop)\"><\/iframe><\/p>\n<div style=\"width:100%;text-align:center;\">Propuls\u00e9 par <a href=\"https:\/\/www.helloasso.com\" rel=\"nofollow\">HelloAsso<\/a><\/div>\n\n\n\n<p><\/p>\n\n\n\n<p style=\"font-size:1px\"><\/p>\n","protected":false},"excerpt":{"rendered":"<p>Payer ou renouveler son adh\u00e9sion \u00e0 la ludoth\u00e8que Terres de Jeu en ligne ! Une fois votre adh\u00e9sion r\u00e9alis\u00e9e, penser \u00e0 rapporter un ch\u00e8que de caution lors de votre passage \u00e0 la ludoth\u00e8que afin de pouvoir ouvrir vos droits au pr\u00eat de jeux (50\u20ac de ch\u00e8que de caution pour une adh\u00e9sion classique(2jeux), pour plus de [&hellip;]<\/p>\n","protected":false},"author":1,"featured_media":0,"parent":0,"menu_order":0,"comment_status":"closed","ping_status":"closed","template":"","meta":{"footnotes":""},"class_list":["post-1375","page","type-page","status-publish","hentry"],"_links":{"self":[{"href":"https:\/\/www.terresdejeu.fr\/index.php\/wp-json\/wp\/v2\/pages\/1375","targetHints":{"allow":["GET"]}}],"collection":[{"href":"https:\/\/www.terresdejeu.fr\/index.php\/wp-json\/wp\/v2\/pages"}],"about":[{"href":"https:\/\/www.terresdejeu.fr\/index.php\/wp-json\/wp\/v2\/types\/page"}],"author":[{"embeddable":true,"href":"https:\/\/www.terresdejeu.fr\/index.php\/wp-json\/wp\/v2\/users\/1"}],"replies":[{"embeddable":true,"href":"https:\/\/www.terresdejeu.fr\/index.php\/wp-json\/wp\/v2\/comments?post=1375"}],"version-history":[{"count":9,"href":"https:\/\/www.terresdejeu.fr\/index.php\/wp-json\/wp\/v2\/pages\/1375\/revisions"}],"predecessor-version":[{"id":2199,"href":"https:\/\/www.terresdejeu.fr\/index.php\/wp-json\/wp\/v2\/pages\/1375\/revisions\/2199"}],"wp:attachment":[{"href":"https:\/\/www.terresdejeu.fr\/index.php\/wp-json\/wp\/v2\/media?parent=1375"}],"curies":[{"name":"wp","href":"https:\/\/api.w.org\/{rel}","templated":true}]}}