{"id":109,"date":"2016-08-26T20:27:57","date_gmt":"2016-08-26T19:27:57","guid":{"rendered":"http:\/\/www.terresdejeu.fr\/?page_id=109"},"modified":"2023-02-15T11:35:46","modified_gmt":"2023-02-15T10:35:46","slug":"collectivites","status":"publish","type":"page","link":"https:\/\/www.terresdejeu.fr\/index.php\/collectivites\/","title":{"rendered":"Pour nous, collectivit\u00e9s"},"content":{"rendered":"<h3 style=\"text-align: justify;\"><a href=\"https:\/\/www.terresdejeu.fr\/wp-content\/uploads\/2016\/08\/illus_collectivites_250.jpg\" rel=\"lightbox-0\"><img loading=\"lazy\" decoding=\"async\" class=\"alignleft wp-image-448\" src=\"https:\/\/www.terresdejeu.fr\/wp-content\/uploads\/2016\/08\/illus_collectivites_250-150x150.jpg\" alt=\"illus_collectivites_250\" width=\"175\" height=\"175\" srcset=\"https:\/\/www.terresdejeu.fr\/wp-content\/uploads\/2016\/08\/illus_collectivites_250-150x150.jpg 150w, https:\/\/www.terresdejeu.fr\/wp-content\/uploads\/2016\/08\/illus_collectivites_250.jpg 250w\" sizes=\"auto, (max-width: 175px) 100vw, 175px\" \/><\/a><span style=\"color: #ff6600; font-family: Terminal, Monaco; font-size: 24pt;\">La ludoth\u00e8que Terres de jeu vous accueille dans ses locaux ou vient vous voir selon vos besoins.<\/span><\/h3>\n<div style=\"text-align: justify;\"><span style=\"font-family: Terminal, Monaco; font-size: 14pt;\">En effet, nous vous proposons des pr\u00eats de jeu mais \u00e9galement des animations, des ateliers autour du jeu. Ainsi, nous essayons d&#8217;apporter du plaisir \u00e0 autrui.\u00a0 Nous travaillons d\u00e9j\u00e0 avec de nombreuses structures comme des IMPRO, FAM, h\u00f4pital de jour, EHPAD, maison de retraite, cr\u00e8che, accueils p\u00e9riscolaires, ALSH, RPE,etc&#8230;<\/span><\/div>\n<div style=\"text-align: justify;\"><span style=\"font-family: Terminal, Monaco; font-size: 14pt;\">Nos ludoth\u00e9caires sauront vous conseiller et s\u00e9lectionner des jeux adapt\u00e9s aux publics accueillis : petite enfance, enfance, adolescents, familles, personnes en situation de handicap, seniors&#8230;<\/span><\/div>\n<div style=\"text-align: justify;\"><\/div>\n<div style=\"text-align: justify;\">\n<div><span style=\"font-family: Terminal, Monaco; font-size: 14pt;\">Les ateliers jeux sont r\u00e9fl\u00e9chis avec les structures commanditaires. Elles peuvent tourner autour d&#8217;un th\u00e8me, du jeu de soci\u00e9t\u00e9, du jeu de construction, du jeu symbolique, ou un m\u00e9lange de plusieurs types de jeux.<\/span><\/div>\n<p><span style=\"font-family: Terminal, Monaco; font-size: 14pt;\"><img loading=\"lazy\" decoding=\"async\" class=\" wp-image-447 alignright\" src=\"https:\/\/www.terresdejeu.fr\/wp-content\/uploads\/2016\/08\/inte\u0301ressement-150x150.jpg\" alt=\"inte\u0301ressement\" width=\"164\" height=\"164\" \/><\/span><\/p>\n<div><span style=\"font-family: Terminal, Monaco; font-size: 14pt;\">Notre principal objectif est d&#8217;apporter du plaisir aux joueurs, et de cr\u00e9er du lien social. Mais le jeu d\u00e9veloppe bien d&#8217;autres choses encore (concentration, \u00e9change, communication, r\u00e9flexion, m\u00e9moire, motricit\u00e9 fine&#8230;).<\/span><\/div>\n<\/div>\n","protected":false},"excerpt":{"rendered":"<p>La ludoth\u00e8que Terres de jeu vous accueille dans ses locaux ou vient vous voir selon vos besoins. En effet, nous vous proposons des pr\u00eats de jeu mais \u00e9galement des animations, des ateliers autour du jeu. Ainsi, nous essayons d&#8217;apporter du plaisir \u00e0 autrui.\u00a0 Nous travaillons d\u00e9j\u00e0 avec de nombreuses structures comme des IMPRO, FAM, h\u00f4pital [&hellip;]<\/p>\n","protected":false},"author":1,"featured_media":0,"parent":0,"menu_order":0,"comment_status":"closed","ping_status":"closed","template":"","meta":{"footnotes":""},"class_list":["post-109","page","type-page","status-publish","hentry"],"_links":{"self":[{"href":"https:\/\/www.terresdejeu.fr\/index.php\/wp-json\/wp\/v2\/pages\/109","targetHints":{"allow":["GET"]}}],"collection":[{"href":"https:\/\/www.terresdejeu.fr\/index.php\/wp-json\/wp\/v2\/pages"}],"about":[{"href":"https:\/\/www.terresdejeu.fr\/index.php\/wp-json\/wp\/v2\/types\/page"}],"author":[{"embeddable":true,"href":"https:\/\/www.terresdejeu.fr\/index.php\/wp-json\/wp\/v2\/users\/1"}],"replies":[{"embeddable":true,"href":"https:\/\/www.terresdejeu.fr\/index.php\/wp-json\/wp\/v2\/comments?post=109"}],"version-history":[{"count":10,"href":"https:\/\/www.terresdejeu.fr\/index.php\/wp-json\/wp\/v2\/pages\/109\/revisions"}],"predecessor-version":[{"id":2576,"href":"https:\/\/www.terresdejeu.fr\/index.php\/wp-json\/wp\/v2\/pages\/109\/revisions\/2576"}],"wp:attachment":[{"href":"https:\/\/www.terresdejeu.fr\/index.php\/wp-json\/wp\/v2\/media?parent=109"}],"curies":[{"name":"wp","href":"https:\/\/api.w.org\/{rel}","templated":true}]}}