{"id":107,"date":"2016-08-26T20:27:46","date_gmt":"2016-08-26T19:27:46","guid":{"rendered":"http:\/\/www.terresdejeu.fr\/?page_id=107"},"modified":"2025-09-24T08:11:13","modified_gmt":"2025-09-24T07:11:13","slug":"particuliers","status":"publish","type":"page","link":"https:\/\/www.terresdejeu.fr\/index.php\/particuliers\/","title":{"rendered":"Pour moi, particulier"},"content":{"rendered":"\n<div class=\"wp-block-columns is-layout-flex wp-container-core-columns-is-layout-9d6595d7 wp-block-columns-is-layout-flex\">\n<div class=\"wp-block-column is-layout-flow wp-block-column-is-layout-flow\">\n<h3 class=\"wp-block-heading\"><strong><span class=\"has-inline-color has-luminous-vivid-orange-color\">Accueils tout public et jeu sur place<\/span><\/strong><\/h3>\n\n\n\n<p>La ludoth\u00e8que Terre de jeu vous accueille dans ses locaux de Salleboeuf, au p\u00f4le de la Source, et \u00e0 Tresses au ch\u00e2teau de la S\u00e9guinie. Vous pouvez venir jouer sur place dans des espaces de jeux am\u00e9nag\u00e9s : jeux de r\u00e8gles, de construction, jeux symboliques, espace tout-petits&#8230;<br>Consultez nos horaires \u00e0 <a rel=\"noreferrer noopener\" href=\"https:\/\/www.terresdejeu.fr\/index.php\/horaire-espace-jeux-chateau-de-la-seguinie-tresses\/\" target=\"_blank\">Tresses<\/a> et <a href=\"https:\/\/www.terresdejeu.fr\/index.php\/horaire-espace-jeux-chateau-de-la-seguinie-tresses\/\" data-type=\"URL\" data-id=\"https:\/\/www.terresdejeu.fr\/index.php\/horaire-espace-jeux-chateau-de-la-seguinie-tresses\/\">\u00e0 Salleboeuf<\/a><a href=\"https:\/\/www.terresdejeu.fr\/index.php\/horaire-espace-jeux-chateau-de-la-seguinie-tresses\/\" data-type=\"URL\"> <\/a>!<\/p>\n<\/div>\n\n\n\n<div class=\"wp-block-column is-layout-flow wp-block-column-is-layout-flow\"><div class=\"wp-block-image\">\n<figure class=\"aligncenter size-full is-resized\"><img loading=\"lazy\" decoding=\"async\" width=\"724\" height=\"703\" src=\"https:\/\/www.terresdejeu.fr\/wp-content\/uploads\/2016\/08\/logo_couleur.bmp\" alt=\"\" class=\"wp-image-518\" style=\"width:175px;height:170px\"\/><\/figure>\n<\/div><\/div>\n<\/div>\n\n\n\n<hr class=\"wp-block-separator has-css-opacity\"\/>\n\n\n\n<div class=\"wp-block-columns is-layout-flex wp-container-core-columns-is-layout-9d6595d7 wp-block-columns-is-layout-flex\">\n<div class=\"wp-block-column is-layout-flow wp-block-column-is-layout-flow\">\n<h3 class=\"wp-block-heading\"><strong><mark style=\"background-color:rgba(0, 0, 0, 0)\" class=\"has-inline-color has-luminous-vivid-orange-color\">Le temps des tout-petits <\/mark><\/strong><\/h3>\n\n\n\n<p>Ces accueils sont&nbsp;r\u00e9serv\u00e9s aux <strong>moins de 3 ans<\/strong> accompagn\u00e9 d&#8217;une assistante maternelle. L&#8217;espace est sp\u00e9cialement organis\u00e9 pour eux !<\/p>\n\n\n\n<p>Afin de garantir un accueil confortable, agr\u00e9able et de qualit\u00e9, la capacit\u00e9 d&#8217;accueil est limit\u00e9e \u00e0 25 personnes. Il est donc pr\u00e9f\u00e9rable de r\u00e9server votre place en vous&nbsp; inscrivant au pr\u00e9alable: (rubrique <a href=\"https:\/\/www.terresdejeu.fr\/index.php\/https-doodle-com-poll-dat5gauhte9rvr3eutm_sourcepollutm_mediumlink\/\">assistantes maternelles<\/a>).<\/p>\n\n\n\n<p>Venez profiter d&#8217;un moment privil\u00e9gi\u00e9 avec  les enfants que vous gardez, le <strong>jeudi matin entre 9h30 et 11h30 sur Salleboeuf, p\u00f4le de la Source<\/strong>.<a href=\"https:\/\/www.terresdejeu.fr\/wp-content\/uploads\/2016\/08\/Nathalenepetitsmatinsludiques.jpeg\" rel=\"lightbox-0\"><\/a><\/p>\n<\/div>\n\n\n\n<div class=\"wp-block-column is-layout-flow wp-block-column-is-layout-flow\"><div class=\"wp-block-image\">\n<figure class=\"aligncenter size-full is-resized\"><img loading=\"lazy\" decoding=\"async\" width=\"960\" height=\"720\" src=\"https:\/\/www.terresdejeu.fr\/wp-content\/uploads\/2016\/08\/18556951_1172893199505925_7459453135381406905_n-1.jpg\" alt=\"\" class=\"wp-image-613\" style=\"width:289px;height:217px\" srcset=\"https:\/\/www.terresdejeu.fr\/wp-content\/uploads\/2016\/08\/18556951_1172893199505925_7459453135381406905_n-1.jpg 960w, https:\/\/www.terresdejeu.fr\/wp-content\/uploads\/2016\/08\/18556951_1172893199505925_7459453135381406905_n-1-300x225.jpg 300w, https:\/\/www.terresdejeu.fr\/wp-content\/uploads\/2016\/08\/18556951_1172893199505925_7459453135381406905_n-1-768x576.jpg 768w\" sizes=\"auto, (max-width: 960px) 100vw, 960px\" \/><\/figure>\n<\/div><\/div>\n<\/div>\n\n\n\n<hr class=\"wp-block-separator has-css-opacity\"\/>\n\n\n\n<h3 class=\"wp-block-heading\"><strong><span class=\"has-inline-color has-luminous-vivid-orange-color\">Anniversaires<\/span><\/strong><\/h3>\n\n\n\n<div class=\"wp-block-columns is-layout-flex wp-container-core-columns-is-layout-9d6595d7 wp-block-columns-is-layout-flex\">\n<div class=\"wp-block-column is-layout-flow wp-block-column-is-layout-flow\">\n<p>La ludoth\u00e8que organise l&#8217;anniversaire de votre enfant ! Elle vous accueille dans ses locaux de Tresses, am\u00e9nag\u00e9s et r\u00e9serv\u00e9s uniquement pour vous le temps d&#8217;un apr\u00e8s-midi ! Des jeux sont organis\u00e9s et s\u00e9lectionn\u00e9s en fonction d&#8217;un th\u00e8me (pirates, princesses, sorci\u00e8res, chantier&#8230;) ou de l&#8217;\u00e2ge des enfants.<\/p>\n\n\n\n<p>Ouvert aux enfant \u00e0 partir de 4 ans. Jusqu&#8217;\u00e0 8 enfants pour les 4-6 ans, jusqu&#8217;\u00e0 10 enfants pour les 6 ans et plus.<\/p>\n\n\n\n<p>Pr\u00e9sence obligatoire d&#8217;au moins 1 adulte accompagnateur responsable des enfants pr\u00e9sents pendant toute la dur\u00e9e de l&#8217;anniversaire.<\/p>\n\n\n\n<p>R\u00e9servation obligatoire : au moins 2 semaines \u00e0 l&#8217;avance.<\/p>\n\n\n\n<p>S\u00e9lection de jeux en fonction d&#8217;un th\u00e8me ou bien de l&#8217;\u00e2ge des enfants.<\/p>\n\n\n\n<p>Plus de renseignements aupr\u00e8s de nos ludoth\u00e9caires et dans la rubrique<a rel=\"noreferrer noopener\" href=\"https:\/\/www.terresdejeu.fr\/index.php\/tarifs\/#anniversaire\" target=\"_blank\"> <mark style=\"background-color:rgba(0, 0, 0, 0)\" class=\"has-inline-color has-luminous-vivid-orange-color\">tarifs<\/mark><\/a><mark style=\"background-color:rgba(0, 0, 0, 0)\" class=\"has-inline-color has-luminous-vivid-orange-color\"> <\/mark>et pour<a rel=\"noreferrer noopener\" href=\"https:\/\/www.terresdejeu.fr\/index.php\/anniversaire\/\" data-type=\"URL\" data-id=\"https:\/\/www.terresdejeu.fr\/index.php\/anniversaire\/\" target=\"_blank\"><mark style=\"background-color:rgba(0, 0, 0, 0)\" class=\"has-inline-color has-luminous-vivid-orange-color\"> <\/mark><\/a><mark style=\"background-color:rgba(0, 0, 0, 0)\" class=\"has-inline-color has-luminous-vivid-orange-color\"><a href=\"https:\/\/www.terresdejeu.fr\/index.php\/anniversaire\/\" data-type=\"URL\" data-id=\"https:\/\/www.terresdejeu.fr\/index.php\/anniversaire\/\" target=\"_blank\" rel=\"noreferrer noopener\">le paiement en ligne<\/a> <\/mark>apr\u00e8s accord du ludoth\u00e9caire!<\/p>\n<\/div>\n\n\n\n<div class=\"wp-block-column is-layout-flow wp-block-column-is-layout-flow\"><div class=\"wp-block-image\">\n<figure class=\"aligncenter size-full\"><img loading=\"lazy\" decoding=\"async\" width=\"230\" height=\"219\" src=\"https:\/\/www.terresdejeu.fr\/wp-content\/uploads\/2016\/08\/gateauanniversaire.png\" alt=\"\" class=\"wp-image-780\"\/><\/figure>\n<\/div><\/div>\n<\/div>\n\n\n\n<hr class=\"wp-block-separator has-css-opacity\"\/>\n\n\n\n<div class=\"wp-block-columns is-layout-flex wp-container-core-columns-is-layout-9d6595d7 wp-block-columns-is-layout-flex\">\n<div class=\"wp-block-column is-layout-flow wp-block-column-is-layout-flow\">\n<h3 class=\"wp-block-heading\"><strong><span class=\"has-inline-color has-luminous-vivid-orange-color\">Soir\u00e9es jeux<\/span><\/strong><\/h3>\n\n\n\n<p><a href=\"https:\/\/www.terresdejeu.fr\/index.php\/soiree-jeux\/\" data-type=\"URL\" data-id=\"https:\/\/www.terresdejeu.fr\/index.php\/soiree-jeux\/\"><mark style=\"background-color:rgba(0, 0, 0, 0)\" class=\"has-inline-color has-luminous-vivid-orange-color\">Un vendredi soir par mois,<\/mark><\/a> venez nous retrouver sur Tresses \u00e0 partir de 20h30 pour une soir\u00e9e jeux accessible \u00e0 partir de 8 ans.<\/p>\n\n\n\n<p>Julie et Elsa vous proposeront une s\u00e9lection de jeux, mais vous pouvez \u00e9galement amener un jeu que vous souhaitez partager ou aller chercher celui qui vous tente dans les \u00e9tag\u00e8res de la ludo !<\/p>\n<\/div>\n\n\n\n<div class=\"wp-block-column is-layout-flow wp-block-column-is-layout-flow\"><div class=\"wp-block-image\">\n<figure class=\"aligncenter size-large is-resized\"><img loading=\"lazy\" decoding=\"async\" width=\"1015\" height=\"1024\" src=\"https:\/\/www.terresdejeu.fr\/wp-content\/uploads\/2016\/08\/soireejeux1-2-1015x1024.jpg\" alt=\"\" class=\"wp-image-317\" style=\"width:251px;height:252px\" srcset=\"https:\/\/www.terresdejeu.fr\/wp-content\/uploads\/2016\/08\/soireejeux1-2-1015x1024.jpg 1015w, https:\/\/www.terresdejeu.fr\/wp-content\/uploads\/2016\/08\/soireejeux1-2-150x150.jpg 150w, https:\/\/www.terresdejeu.fr\/wp-content\/uploads\/2016\/08\/soireejeux1-2-297x300.jpg 297w, https:\/\/www.terresdejeu.fr\/wp-content\/uploads\/2016\/08\/soireejeux1-2-768x775.jpg 768w, https:\/\/www.terresdejeu.fr\/wp-content\/uploads\/2016\/08\/soireejeux1-2.jpg 1866w\" sizes=\"auto, (max-width: 1015px) 100vw, 1015px\" \/><\/figure>\n<\/div><\/div>\n<\/div>\n\n\n\n<h3 class=\"wp-block-heading\">&nbsp;<\/h3>\n\n\n\n<hr class=\"wp-block-separator has-css-opacity\"\/>\n\n\n\n<h3 class=\"wp-block-heading\"><strong><span class=\"has-inline-color has-luminous-vivid-orange-color\">Pr\u00eat de jeux<\/span><\/strong><\/h3>\n\n\n\n<div class=\"wp-block-columns is-layout-flex wp-container-core-columns-is-layout-9d6595d7 wp-block-columns-is-layout-flex\">\n<div class=\"wp-block-column is-layout-flow wp-block-column-is-layout-flow\">\n<p>La ludoth\u00e8que vous permet \u00e9galement d&#8217;emprunter jeux et jouets. Avec plus de <a rel=\"noreferrer noopener\" href=\"https:\/\/www.terresdejeu.fr\/index.php\/catalogue\/\" target=\"_blank\">2000 r\u00e9f\u00e9rences<\/a>, il y en a pour tous les go\u00fbts et tous les \u00e2ges !<\/p>\n\n\n\n<p><a href=\"https:\/\/www.terresdejeu.fr\/index.php\/catalogue\/\" data-type=\"URL\" data-id=\"https:\/\/www.terresdejeu.fr\/index.php\/catalogue\/\">cf : catalogue en ligne <\/a><\/p>\n<\/div>\n\n\n\n<div class=\"wp-block-column is-layout-flow wp-block-column-is-layout-flow\"><div class=\"wp-block-image\">\n<figure class=\"aligncenter size-large is-resized\"><img loading=\"lazy\" decoding=\"async\" width=\"768\" height=\"1024\" src=\"https:\/\/www.terresdejeu.fr\/wp-content\/uploads\/2016\/08\/IMG_20150828_221022-768x1024.jpg\" alt=\"\" class=\"wp-image-230\" style=\"width:219px;height:291px\" srcset=\"https:\/\/www.terresdejeu.fr\/wp-content\/uploads\/2016\/08\/IMG_20150828_221022-768x1024.jpg 768w, https:\/\/www.terresdejeu.fr\/wp-content\/uploads\/2016\/08\/IMG_20150828_221022-225x300.jpg 225w, https:\/\/www.terresdejeu.fr\/wp-content\/uploads\/2016\/08\/IMG_20150828_221022.jpg 1920w\" sizes=\"auto, (max-width: 768px) 100vw, 768px\" \/><\/figure>\n<\/div><\/div>\n<\/div>\n\n\n\n<hr class=\"wp-block-separator has-css-opacity\"\/>\n\n\n\n<h3 class=\"wp-block-heading\">&nbsp;<\/h3>\n\n\n\n<div class=\"wp-block-columns is-layout-flex wp-container-core-columns-is-layout-9d6595d7 wp-block-columns-is-layout-flex\">\n<div class=\"wp-block-column is-layout-flow wp-block-column-is-layout-flow\">\n<p><strong><span class=\"has-inline-color has-luminous-vivid-orange-color\">Location de jeux surdimensionn\u00e9s&nbsp;<\/span><\/strong><\/p>\n\n\n\n<p>Tous nos jeux surdimensionn\u00e9s sont disponibles \u00e0 &nbsp;la location. Alors n&#8217;h\u00e9sitez pas \u00e0 les r\u00e9server pour vos anniversaires ou autres f\u00eates en famille ou entre amis ! A r\u00e9aliser au moins 15 jours avant. <\/p>\n\n\n\n<p>A consulter dans la rubrique <a rel=\"noreferrer noopener\" href=\"https:\/\/www.terresdejeu.fr\/index.php\/catalogue\/\" target=\"_blank\">catalogue<\/a><\/p>\n<\/div>\n\n\n\n<div class=\"wp-block-column is-layout-flow wp-block-column-is-layout-flow\"><div class=\"wp-block-image\">\n<figure class=\"aligncenter size-full is-resized\"><img loading=\"lazy\" decoding=\"async\" width=\"403\" height=\"419\" src=\"https:\/\/www.terresdejeu.fr\/wp-content\/uploads\/2016\/08\/puissance4-1.jpg\" alt=\"\" class=\"wp-image-330\" style=\"width:236px;height:245px\" srcset=\"https:\/\/www.terresdejeu.fr\/wp-content\/uploads\/2016\/08\/puissance4-1.jpg 403w, https:\/\/www.terresdejeu.fr\/wp-content\/uploads\/2016\/08\/puissance4-1-289x300.jpg 289w\" sizes=\"auto, (max-width: 403px) 100vw, 403px\" \/><figcaption class=\"wp-element-caption\">SAMSUNG DIGITAL CAMERA<\/figcaption><\/figure>\n<\/div><\/div>\n<\/div>\n\n\n\n<hr class=\"wp-block-separator has-css-opacity\"\/>\n\n\n\n<div class=\"wp-block-columns is-layout-flex wp-container-core-columns-is-layout-9d6595d7 wp-block-columns-is-layout-flex\">\n<div class=\"wp-block-column is-layout-flow wp-block-column-is-layout-flow\">\n<p><strong><span class=\"has-inline-color has-luminous-vivid-orange-color\">Journ\u00e9es festives : la f\u00eate du jeu<\/span><\/strong><\/p>\n\n\n\n<p>Chaque ann\u00e9e, la ludoth\u00e8que participe \u00e0 la f\u00eate mondiale du jeu \u00e0 la fin du mois de Mai. Une journ\u00e9e en plein air gratuite et ouverte \u00e0 tous, adh\u00e9rents ou non. <\/p>\n\n\n\n<p>Au programme selon les ann\u00e9es : jeux surdimensionn\u00e9s, jeux de r\u00e8gles, espace petite enfance, jeux de construction&#8230;<\/p>\n<\/div>\n\n\n\n<div class=\"wp-block-column is-layout-flow wp-block-column-is-layout-flow\">\n<p><strong><span class=\"has-inline-color has-luminous-vivid-orange-color\">la f\u00eate de No\u00ebl<\/span><\/strong><\/p>\n\n\n\n<p>Fin Novembre, la ludoth\u00e8que pr\u00e9pare No\u00ebl.  Nous proposons une apr\u00e8s-midi autour de jeu sous la magie de No\u00ebl. <\/p>\n<\/div>\n\n\n\n<div class=\"wp-block-column is-layout-flow wp-block-column-is-layout-flow\"><div class=\"wp-block-image\">\n<figure class=\"aligncenter size-full\"><img loading=\"lazy\" decoding=\"async\" width=\"960\" height=\"720\" src=\"https:\/\/www.terresdejeu.fr\/wp-content\/uploads\/2016\/08\/18582142_1173207569474488_1371926064813204775_n-2.jpg\" alt=\"\" class=\"wp-image-649\" srcset=\"https:\/\/www.terresdejeu.fr\/wp-content\/uploads\/2016\/08\/18582142_1173207569474488_1371926064813204775_n-2.jpg 960w, https:\/\/www.terresdejeu.fr\/wp-content\/uploads\/2016\/08\/18582142_1173207569474488_1371926064813204775_n-2-300x225.jpg 300w, https:\/\/www.terresdejeu.fr\/wp-content\/uploads\/2016\/08\/18582142_1173207569474488_1371926064813204775_n-2-768x576.jpg 768w\" sizes=\"auto, (max-width: 960px) 100vw, 960px\" \/><\/figure>\n<\/div><\/div>\n<\/div>\n\n\n\n<h3 class=\"wp-block-heading\">&nbsp;<\/h3>\n\n\n\n<h3 class=\"wp-block-heading\">&nbsp;<\/h3>\n\n\n\n<hr class=\"wp-block-separator has-css-opacity\"\/>\n\n\n\n<h3 class=\"wp-block-heading\">&nbsp;<\/h3>\n","protected":false},"excerpt":{"rendered":"<p>Accueils tout public et jeu sur place La ludoth\u00e8que Terre de jeu vous accueille dans ses locaux de Salleboeuf, au p\u00f4le de la Source, et \u00e0 Tresses au ch\u00e2teau de la S\u00e9guinie. Vous pouvez venir jouer sur place dans des espaces de jeux am\u00e9nag\u00e9s : jeux de r\u00e8gles, de construction, jeux symboliques, espace tout-petits&#8230;Consultez nos [&hellip;]<\/p>\n","protected":false},"author":1,"featured_media":0,"parent":0,"menu_order":0,"comment_status":"closed","ping_status":"closed","template":"","meta":{"footnotes":""},"class_list":["post-107","page","type-page","status-publish","hentry"],"_links":{"self":[{"href":"https:\/\/www.terresdejeu.fr\/index.php\/wp-json\/wp\/v2\/pages\/107","targetHints":{"allow":["GET"]}}],"collection":[{"href":"https:\/\/www.terresdejeu.fr\/index.php\/wp-json\/wp\/v2\/pages"}],"about":[{"href":"https:\/\/www.terresdejeu.fr\/index.php\/wp-json\/wp\/v2\/types\/page"}],"author":[{"embeddable":true,"href":"https:\/\/www.terresdejeu.fr\/index.php\/wp-json\/wp\/v2\/users\/1"}],"replies":[{"embeddable":true,"href":"https:\/\/www.terresdejeu.fr\/index.php\/wp-json\/wp\/v2\/comments?post=107"}],"version-history":[{"count":91,"href":"https:\/\/www.terresdejeu.fr\/index.php\/wp-json\/wp\/v2\/pages\/107\/revisions"}],"predecessor-version":[{"id":3336,"href":"https:\/\/www.terresdejeu.fr\/index.php\/wp-json\/wp\/v2\/pages\/107\/revisions\/3336"}],"wp:attachment":[{"href":"https:\/\/www.terresdejeu.fr\/index.php\/wp-json\/wp\/v2\/media?parent=107"}],"curies":[{"name":"wp","href":"https:\/\/api.w.org\/{rel}","templated":true}]}}